{"id":158,"date":"2015-02-03T10:15:58","date_gmt":"2015-02-03T08:15:58","guid":{"rendered":"http:\/\/karjalantennis.fi\/wordpress\/?page_id=158"},"modified":"2016-09-07T22:37:57","modified_gmt":"2016-09-07T19:37:57","slug":"ita-suomen-laakarikeskus","status":"publish","type":"page","link":"https:\/\/karjalantennis.fi\/wordpress\/kumppanit\/ita-suomen-laakarikeskus\/","title":{"rendered":"It\u00e4-Suomen l\u00e4\u00e4k\u00e4rikeskus"},"content":{"rendered":"<p><a href=\"https:\/\/ite.fi\" target=\"_blank\">ITE:n kotisivut<\/a><\/p>\n<p><a href=\"https:\/\/karjalantennis.fi\/wordpress\/dextra_ite\/\"><img decoding=\"async\" class=\"alignnone size-medium wp-image-1499\" src=\"https:\/\/karjalantennis.fi\/wordpress\/wp-content\/uploads\/2016\/09\/dextra_ite-300x71.png\" alt=\"dextra_ite\" width=\"300\" height=\"71\" \/><\/a><\/p>\n","protected":false},"excerpt":{"rendered":"<p>ITE:n kotisivut<\/p>\n","protected":false},"author":2,"featured_media":0,"parent":105,"menu_order":0,"comment_status":"closed","ping_status":"closed","template":"","meta":{"_kad_post_transparent":"","_kad_post_title":"","_kad_post_layout":"","_kad_post_sidebar_id":"","_kad_post_content_style":"","_kad_post_vertical_padding":"","_kad_post_feature":"","_kad_post_feature_position":"","_kad_post_header":false,"_kad_post_footer":false,"_kad_post_classname":"","footnotes":""},"class_list":["post-158","page","type-page","status-publish","hentry"],"_links":{"self":[{"href":"https:\/\/karjalantennis.fi\/wordpress\/wp-json\/wp\/v2\/pages\/158","targetHints":{"allow":["GET"]}}],"collection":[{"href":"https:\/\/karjalantennis.fi\/wordpress\/wp-json\/wp\/v2\/pages"}],"about":[{"href":"https:\/\/karjalantennis.fi\/wordpress\/wp-json\/wp\/v2\/types\/page"}],"author":[{"embeddable":true,"href":"https:\/\/karjalantennis.fi\/wordpress\/wp-json\/wp\/v2\/users\/2"}],"replies":[{"embeddable":true,"href":"https:\/\/karjalantennis.fi\/wordpress\/wp-json\/wp\/v2\/comments?post=158"}],"version-history":[{"count":3,"href":"https:\/\/karjalantennis.fi\/wordpress\/wp-json\/wp\/v2\/pages\/158\/revisions"}],"predecessor-version":[{"id":1500,"href":"https:\/\/karjalantennis.fi\/wordpress\/wp-json\/wp\/v2\/pages\/158\/revisions\/1500"}],"up":[{"embeddable":true,"href":"https:\/\/karjalantennis.fi\/wordpress\/wp-json\/wp\/v2\/pages\/105"}],"wp:attachment":[{"href":"https:\/\/karjalantennis.fi\/wordpress\/wp-json\/wp\/v2\/media?parent=158"}],"curies":[{"name":"wp","href":"https:\/\/api.w.org\/{rel}","templated":true}]}}