{"id":1775,"date":"2016-10-30T17:11:04","date_gmt":"2016-10-30T15:11:04","guid":{"rendered":"http:\/\/karjalantennis.fi\/wordpress\/?page_id=1775"},"modified":"2021-04-12T16:37:54","modified_gmt":"2021-04-12T13:37:54","slug":"kilpapelaajan-polku","status":"publish","type":"page","link":"https:\/\/karjalantennis.fi\/wordpress\/kilpapelaajan-polku\/","title":{"rendered":"Kilpapelaajan polku"},"content":{"rendered":"<p>Kilpapelaajan polun tavoitteena on kasvattaa nuoria pelaajia, joilla on mahdollisuus kehitty\u00e4 hyv\u00e4ksi kilpapelaajaksi ja p\u00e4\u00e4st\u00e4 seuran edustusjoukkueeseen. Kilpailulinjalla harjoittelu on hyvin tavoitteellista ja harjoitusm\u00e4\u00e4r\u00e4t kasvavat nopeasti i\u00e4n ja kehityksen karttuessa. My\u00f6s kilpaileminen aloitetaan jo varhaisessa vaiheessa.<\/p>\n<p>Seuraavassa esitteess\u00e4 kuvataan tarkemmin ik\u00e4ryhm\u00e4t, valmennuskerrat, ryhm\u00e4koot sek\u00e4 kuhunkin ryhm\u00e4\u00e4n kuuluvat edut ja velvollisuudet.<\/p>\n<p>J\u00e4rjestelm\u00e4\u00e4 p\u00e4ivitetty huhtikuussa 2021.<\/p>\n<p><a href=\"https:\/\/karjalantennis.fi\/wordpress\/wp-content\/uploads\/2021\/04\/kilpapolku-21.pdf\" target=\"_blank\" rel=\"noopener\">Kilpapelaajan polku<\/a><\/p>\n","protected":false},"excerpt":{"rendered":"<p>Kilpapelaajan polun tavoitteena on kasvattaa nuoria pelaajia, joilla on mahdollisuus kehitty\u00e4 hyv\u00e4ksi kilpapelaajaksi ja p\u00e4\u00e4st\u00e4 seuran edustusjoukkueeseen. Kilpailulinjalla harjoittelu on hyvin tavoitteellista ja harjoitusm\u00e4\u00e4r\u00e4t kasvavat nopeasti i\u00e4n ja kehityksen karttuessa. My\u00f6s kilpaileminen aloitetaan jo varhaisessa vaiheessa. Seuraavassa esitteess\u00e4 kuvataan tarkemmin ik\u00e4ryhm\u00e4t, valmennuskerrat, ryhm\u00e4koot sek\u00e4 kuhunkin ryhm\u00e4\u00e4n kuuluvat edut ja velvollisuudet. J\u00e4rjestelm\u00e4\u00e4 p\u00e4ivitetty huhtikuussa 2021. Kilpapelaajan&#8230;<\/p>\n","protected":false},"author":2,"featured_media":0,"parent":0,"menu_order":0,"comment_status":"closed","ping_status":"closed","template":"","meta":{"_kad_post_transparent":"","_kad_post_title":"","_kad_post_layout":"","_kad_post_sidebar_id":"","_kad_post_content_style":"","_kad_post_vertical_padding":"","_kad_post_feature":"","_kad_post_feature_position":"","_kad_post_header":false,"_kad_post_footer":false,"_kad_post_classname":"","footnotes":""},"class_list":["post-1775","page","type-page","status-publish","hentry"],"_links":{"self":[{"href":"https:\/\/karjalantennis.fi\/wordpress\/wp-json\/wp\/v2\/pages\/1775","targetHints":{"allow":["GET"]}}],"collection":[{"href":"https:\/\/karjalantennis.fi\/wordpress\/wp-json\/wp\/v2\/pages"}],"about":[{"href":"https:\/\/karjalantennis.fi\/wordpress\/wp-json\/wp\/v2\/types\/page"}],"author":[{"embeddable":true,"href":"https:\/\/karjalantennis.fi\/wordpress\/wp-json\/wp\/v2\/users\/2"}],"replies":[{"embeddable":true,"href":"https:\/\/karjalantennis.fi\/wordpress\/wp-json\/wp\/v2\/comments?post=1775"}],"version-history":[{"count":5,"href":"https:\/\/karjalantennis.fi\/wordpress\/wp-json\/wp\/v2\/pages\/1775\/revisions"}],"predecessor-version":[{"id":4262,"href":"https:\/\/karjalantennis.fi\/wordpress\/wp-json\/wp\/v2\/pages\/1775\/revisions\/4262"}],"wp:attachment":[{"href":"https:\/\/karjalantennis.fi\/wordpress\/wp-json\/wp\/v2\/media?parent=1775"}],"curies":[{"name":"wp","href":"https:\/\/api.w.org\/{rel}","templated":true}]}}