{"id":185,"date":"2015-02-04T18:43:37","date_gmt":"2015-02-04T16:43:37","guid":{"rendered":"http:\/\/karjalantennis.fi\/wordpress\/?page_id=185"},"modified":"2026-01-05T09:43:44","modified_gmt":"2026-01-05T07:43:44","slug":"ota-yhteytta","status":"publish","type":"page","link":"https:\/\/karjalantennis.fi\/wordpress\/valmennus-2\/ota-yhteytta\/","title":{"rendered":"Ota yhteytt\u00e4"},"content":{"rendered":"\t\t<div data-elementor-type=\"wp-page\" data-elementor-id=\"185\" class=\"elementor elementor-185\">\n\t\t\t\t<div class=\"elementor-element elementor-element-efb0a7e e-flex e-con-boxed e-con e-parent\" data-id=\"efb0a7e\" data-element_type=\"container\" data-e-type=\"container\">\n\t\t\t\t\t<div class=\"e-con-inner\">\n\t\t\t\t<div class=\"elementor-element elementor-element-370fc2ea elementor-widget elementor-widget-text-editor\" data-id=\"370fc2ea\" data-element_type=\"widget\" data-e-type=\"widget\" data-widget_type=\"text-editor.default\">\n\t\t\t\t<div class=\"elementor-widget-container\">\n\t\t\t\t\t\t\t\t\t<p><strong>OTA YHTEYTT\u00c4 VALMENNUKSEEN<\/strong><\/p>\n<p class=\"has-medium-font-size\">Jos sinulla on kysytt\u00e4v\u00e4\u00e4 valmennuksesta, \u00e4l\u00e4 ep\u00e4r\u00f6i ottaa yhteytt\u00e4.<\/p>\n<p><!-- \/wp:paragraph --><!-- wp:paragraph {\"fontSize\":\"medium\"} --><\/p>\n<p class=\"has-medium-font-size\"><a href=\"mailto:valmennus@karjalantennis.fi\">valmennus@karjalantennis.fi<\/a><\/p>\n<div>\n<p><b><span data-olk-copy-source=\"MessageBody\">&nbsp;<\/span><\/b><u>Valmentajien yhteystiedot:<br><\/u>Valmennusp\u00e4\u00e4llikk\u00f6<br>Jaakko Immonen:&nbsp;&nbsp;050 339 1321&nbsp;\/&nbsp;<a style=\"background-color: #ffffff;\" title=\"mailto:jasujaska@hotmail.com\" href=\"mailto:jasujaska@hotmail.com\" data-linkindex=\"0\">jasujaska@hotmail.com<\/a><\/p>\n<p>Sami Korhonen: 041&nbsp;469 5985 \/&nbsp;<a style=\"background-color: #ffffff;\" title=\"mailto:assakorhonen@gmail.com\" href=\"mailto:assakorhonen@gmail.com\" data-linkindex=\"1\">assakorhonen@gmail.com<\/a><br>Tommi Nissinen: 040&nbsp;626 0326 \/&nbsp;<a style=\"background-color: #ffffff;\" title=\"mailto:nissinen@student.uef.fi\" href=\"mailto:nissinen@student.uef.fi\" data-linkindex=\"2\">nissinen@student.uef.fi<\/a><br>Paavo Sivonen:&nbsp;&nbsp;050 370 0369&nbsp;\/&nbsp;<a style=\"background-color: #ffffff;\" title=\"mailto:paavo.sivonen@uef.fi\" href=\"mailto:paavo.sivonen@uef.fi\" data-linkindex=\"3\">paavo.sivonen@uef.fi<\/a><\/p>\n<p>Juniorivalmennukseen liittyv\u00e4t asiat: Jaakko Immonen \/&nbsp;<a style=\"background-color: #ffffff;\" title=\"mailto:valmennus@karjalantennis.fi\" href=\"mailto:valmennus@karjalantennis.fi\" data-linkindex=\"4\">valmennus@karjalantennis.fi<\/a><\/p>\n<p>Aikuistennikseen liittyv\u00e4t asiat: Sami Korhonen \/ <a style=\"background-color: #ffffff;\" title=\"mailto:aikusvalmennus@karjalantennis.fi\" href=\"mailto:aikusvalmennus@karjalantennis.fi\" data-linkindex=\"5\">aikusvalmennus@karjalantennis.fi<\/a><\/p>\n<p>Iltap\u00e4iv\u00e4tennikseen liittyv\u00e4t asiat: Tommi Nissinen<\/p>\n<p>Valmentajat ovat parhaiten tavoitettavissa arkisin klo 11-14.<\/p>\n<\/div>\n<div>\n<div>\n<p>Muistathan, ett\u00e4&nbsp;<b>valmennus on tarkoitettu seuramme j\u00e4senille<\/b><b>.<\/b><\/p>\n<\/div>\n<\/div>\n<p><!-- \/wp:paragraph --><\/p>\t\t\t\t\t\t\t\t<\/div>\n\t\t\t\t<\/div>\n\t\t\t\t\t<\/div>\n\t\t\t\t<\/div>\n\t\t<div class=\"elementor-element elementor-element-62337d9 e-grid e-con-boxed e-con e-parent\" data-id=\"62337d9\" data-element_type=\"container\" data-e-type=\"container\">\n\t\t\t\t\t<div class=\"e-con-inner\">\n\t\t\t\t<div class=\"elementor-element elementor-element-f01a6d4 elementor-widget elementor-widget-image\" data-id=\"f01a6d4\" data-element_type=\"widget\" data-e-type=\"widget\" data-widget_type=\"image.default\">\n\t\t\t\t<div class=\"elementor-widget-container\">\n\t\t\t\t\t\t\t\t\t\t\t\t\t\t\t<img fetchpriority=\"high\" decoding=\"async\" width=\"909\" height=\"1024\" src=\"https:\/\/karjalantennis.fi\/wordpress\/wp-content\/uploads\/2018\/05\/lapset_ja_nuoret_tennis_rgb_300dpi-909x1024.png\" class=\"attachment-large size-large wp-image-2622\" alt=\"\" srcset=\"https:\/\/karjalantennis.fi\/wordpress\/wp-content\/uploads\/2018\/05\/lapset_ja_nuoret_tennis_rgb_300dpi-909x1024.png 909w, https:\/\/karjalantennis.fi\/wordpress\/wp-content\/uploads\/2018\/05\/lapset_ja_nuoret_tennis_rgb_300dpi-266x300.png 266w, https:\/\/karjalantennis.fi\/wordpress\/wp-content\/uploads\/2018\/05\/lapset_ja_nuoret_tennis_rgb_300dpi-768x865.png 768w, https:\/\/karjalantennis.fi\/wordpress\/wp-content\/uploads\/2018\/05\/lapset_ja_nuoret_tennis_rgb_300dpi.png 1292w\" sizes=\"(max-width: 909px) 100vw, 909px\" \/>\t\t\t\t\t\t\t\t\t\t\t\t\t\t\t<\/div>\n\t\t\t\t<\/div>\n\t\t\t\t<div class=\"elementor-element elementor-element-b557f81 elementor-widget elementor-widget-image\" data-id=\"b557f81\" data-element_type=\"widget\" data-e-type=\"widget\" data-widget_type=\"image.default\">\n\t\t\t\t<div class=\"elementor-widget-container\">\n\t\t\t\t\t\t\t\t\t\t\t\t\t\t\t<img decoding=\"async\" width=\"909\" height=\"1024\" src=\"https:\/\/karjalantennis.fi\/wordpress\/wp-content\/uploads\/2018\/05\/aikuiset_tennis_rgb_300dpi-909x1024.png\" class=\"attachment-large size-large wp-image-2620\" alt=\"\" srcset=\"https:\/\/karjalantennis.fi\/wordpress\/wp-content\/uploads\/2018\/05\/aikuiset_tennis_rgb_300dpi-909x1024.png 909w, https:\/\/karjalantennis.fi\/wordpress\/wp-content\/uploads\/2018\/05\/aikuiset_tennis_rgb_300dpi-266x300.png 266w, https:\/\/karjalantennis.fi\/wordpress\/wp-content\/uploads\/2018\/05\/aikuiset_tennis_rgb_300dpi-768x865.png 768w, https:\/\/karjalantennis.fi\/wordpress\/wp-content\/uploads\/2018\/05\/aikuiset_tennis_rgb_300dpi.png 1292w\" sizes=\"(max-width: 909px) 100vw, 909px\" \/>\t\t\t\t\t\t\t\t\t\t\t\t\t\t\t<\/div>\n\t\t\t\t<\/div>\n\t\t\t\t<div class=\"elementor-element elementor-element-ea206ef elementor-widget elementor-widget-image\" data-id=\"ea206ef\" data-element_type=\"widget\" data-e-type=\"widget\" data-widget_type=\"image.default\">\n\t\t\t\t<div class=\"elementor-widget-container\">\n\t\t\t\t\t\t\t\t\t\t\t\t\t\t\t<img decoding=\"async\" width=\"725\" height=\"1024\" src=\"https:\/\/karjalantennis.fi\/wordpress\/wp-content\/uploads\/2025\/12\/KarTeKilpaseura-725x1024.png\" class=\"attachment-large size-large wp-image-8356\" alt=\"\" srcset=\"https:\/\/karjalantennis.fi\/wordpress\/wp-content\/uploads\/2025\/12\/KarTeKilpaseura-725x1024.png 725w, https:\/\/karjalantennis.fi\/wordpress\/wp-content\/uploads\/2025\/12\/KarTeKilpaseura-212x300.png 212w, https:\/\/karjalantennis.fi\/wordpress\/wp-content\/uploads\/2025\/12\/KarTeKilpaseura-768x1085.png 768w, https:\/\/karjalantennis.fi\/wordpress\/wp-content\/uploads\/2025\/12\/KarTeKilpaseura.png 906w\" sizes=\"(max-width: 725px) 100vw, 725px\" \/>\t\t\t\t\t\t\t\t\t\t\t\t\t\t\t<\/div>\n\t\t\t\t<\/div>\n\t\t\t\t\t<\/div>\n\t\t\t\t<\/div>\n\t\t\t\t<\/div>\n\t\t","protected":false},"excerpt":{"rendered":"<p>OTA YHTEYTT\u00c4 VALMENNUKSEEN Jos sinulla on kysytt\u00e4v\u00e4\u00e4 valmennuksesta, \u00e4l\u00e4 ep\u00e4r\u00f6i ottaa yhteytt\u00e4. valmennus@karjalantennis.fi &nbsp;Valmentajien yhteystiedot:Valmennusp\u00e4\u00e4llikk\u00f6Jaakko Immonen:&nbsp;&nbsp;050 339 1321&nbsp;\/&nbsp;jasujaska@hotmail.com Sami Korhonen: 041&nbsp;469 5985 \/&nbsp;assakorhonen@gmail.comTommi Nissinen: 040&nbsp;626 0326 \/&nbsp;nissinen@student.uef.fiPaavo Sivonen:&nbsp;&nbsp;050 370 0369&nbsp;\/&nbsp;paavo.sivonen@uef.fi Juniorivalmennukseen liittyv\u00e4t asiat: Jaakko Immonen \/&nbsp;valmennus@karjalantennis.fi Aikuistennikseen liittyv\u00e4t asiat: Sami Korhonen \/ aikusvalmennus@karjalantennis.fi Iltap\u00e4iv\u00e4tennikseen liittyv\u00e4t asiat: Tommi Nissinen Valmentajat ovat parhaiten tavoitettavissa arkisin klo 11-14&#8230;.<\/p>\n","protected":false},"author":2,"featured_media":0,"parent":122,"menu_order":0,"comment_status":"closed","ping_status":"closed","template":"","meta":{"_kad_post_transparent":"","_kad_post_title":"","_kad_post_layout":"","_kad_post_sidebar_id":"","_kad_post_content_style":"","_kad_post_vertical_padding":"","_kad_post_feature":"","_kad_post_feature_position":"","_kad_post_header":false,"_kad_post_footer":false,"_kad_post_classname":"","footnotes":""},"class_list":["post-185","page","type-page","status-publish","hentry"],"_links":{"self":[{"href":"https:\/\/karjalantennis.fi\/wordpress\/wp-json\/wp\/v2\/pages\/185","targetHints":{"allow":["GET"]}}],"collection":[{"href":"https:\/\/karjalantennis.fi\/wordpress\/wp-json\/wp\/v2\/pages"}],"about":[{"href":"https:\/\/karjalantennis.fi\/wordpress\/wp-json\/wp\/v2\/types\/page"}],"author":[{"embeddable":true,"href":"https:\/\/karjalantennis.fi\/wordpress\/wp-json\/wp\/v2\/users\/2"}],"replies":[{"embeddable":true,"href":"https:\/\/karjalantennis.fi\/wordpress\/wp-json\/wp\/v2\/comments?post=185"}],"version-history":[{"count":63,"href":"https:\/\/karjalantennis.fi\/wordpress\/wp-json\/wp\/v2\/pages\/185\/revisions"}],"predecessor-version":[{"id":9245,"href":"https:\/\/karjalantennis.fi\/wordpress\/wp-json\/wp\/v2\/pages\/185\/revisions\/9245"}],"up":[{"embeddable":true,"href":"https:\/\/karjalantennis.fi\/wordpress\/wp-json\/wp\/v2\/pages\/122"}],"wp:attachment":[{"href":"https:\/\/karjalantennis.fi\/wordpress\/wp-json\/wp\/v2\/media?parent=185"}],"curies":[{"name":"wp","href":"https:\/\/api.w.org\/{rel}","templated":true}]}}