{"id":2157,"date":"2017-06-21T20:42:59","date_gmt":"2017-06-21T17:42:59","guid":{"rendered":"http:\/\/karjalantennis.fi\/wordpress\/?page_id=2157"},"modified":"2022-04-24T07:18:16","modified_gmt":"2022-04-24T04:18:16","slug":"harrastajapelaajien-nelinpeli-ilta-keskiviikkona-28-6","status":"publish","type":"page","link":"https:\/\/karjalantennis.fi\/wordpress\/harrastajapelaajien-nelinpeli-ilta-keskiviikkona-28-6\/","title":{"rendered":"Harrastajapelaajien nelinpeli-ilta keskiviikkona 28.6."},"content":{"rendered":"<p>KarTe j\u00e4rjest\u00e4\u00e4 harrastajapelaajien nelinpeli-illan keskiviikkona 28.6. klo 17-19.30 massakentill\u00e4. Muodostetaan peliparit paikalla olevista pelaajista ja pelataan useita lyhyit\u00e4 otteluita. KarTe tarjoaa pelien lomassa virvokkeita. Kaikki massakent\u00e4t ovat k\u00e4yt\u00f6ss\u00e4 ja pallot on seuran puolesta. Vapaa p\u00e4\u00e4sy kaikille. S\u00e4\u00e4varaus rankkasateen sattuessa.<\/p>\n<p>Kes\u00e4ll\u00e4 nelinpeli-iltoja on kuukausittain. Seuraava peli-ilta on keskiviikkona 19.7.<\/p>\n<p>Tervetuloa viihtym\u00e4\u00e4n nelinpelien parissa!<br \/>\nt. KarTe<\/p>\n","protected":false},"excerpt":{"rendered":"<p>KarTe j\u00e4rjest\u00e4\u00e4 harrastajapelaajien nelinpeli-illan keskiviikkona 28.6. klo 17-19.30 massakentill\u00e4. Muodostetaan peliparit paikalla olevista pelaajista ja pelataan useita lyhyit\u00e4 otteluita. KarTe tarjoaa pelien lomassa virvokkeita. Kaikki massakent\u00e4t ovat k\u00e4yt\u00f6ss\u00e4 ja pallot on seuran puolesta. Vapaa p\u00e4\u00e4sy kaikille. S\u00e4\u00e4varaus rankkasateen sattuessa. Kes\u00e4ll\u00e4 nelinpeli-iltoja on kuukausittain. Seuraava peli-ilta on keskiviikkona 19.7. Tervetuloa viihtym\u00e4\u00e4n nelinpelien parissa! t. KarTe<\/p>\n","protected":false},"author":5,"featured_media":0,"parent":0,"menu_order":0,"comment_status":"closed","ping_status":"closed","template":"","meta":{"_kad_post_transparent":"","_kad_post_title":"","_kad_post_layout":"","_kad_post_sidebar_id":"","_kad_post_content_style":"","_kad_post_vertical_padding":"","_kad_post_feature":"","_kad_post_feature_position":"","_kad_post_header":false,"_kad_post_footer":false,"_kad_post_classname":"","footnotes":""},"class_list":["post-2157","page","type-page","status-publish","hentry"],"_links":{"self":[{"href":"https:\/\/karjalantennis.fi\/wordpress\/wp-json\/wp\/v2\/pages\/2157","targetHints":{"allow":["GET"]}}],"collection":[{"href":"https:\/\/karjalantennis.fi\/wordpress\/wp-json\/wp\/v2\/pages"}],"about":[{"href":"https:\/\/karjalantennis.fi\/wordpress\/wp-json\/wp\/v2\/types\/page"}],"author":[{"embeddable":true,"href":"https:\/\/karjalantennis.fi\/wordpress\/wp-json\/wp\/v2\/users\/5"}],"replies":[{"embeddable":true,"href":"https:\/\/karjalantennis.fi\/wordpress\/wp-json\/wp\/v2\/comments?post=2157"}],"version-history":[{"count":1,"href":"https:\/\/karjalantennis.fi\/wordpress\/wp-json\/wp\/v2\/pages\/2157\/revisions"}],"predecessor-version":[{"id":2158,"href":"https:\/\/karjalantennis.fi\/wordpress\/wp-json\/wp\/v2\/pages\/2157\/revisions\/2158"}],"wp:attachment":[{"href":"https:\/\/karjalantennis.fi\/wordpress\/wp-json\/wp\/v2\/media?parent=2157"}],"curies":[{"name":"wp","href":"https:\/\/api.w.org\/{rel}","templated":true}]}}