{"id":22,"date":"2015-01-31T11:11:23","date_gmt":"2015-01-31T11:11:23","guid":{"rendered":"http:\/\/karjalantennis.fi\/wordpress\/?page_id=22"},"modified":"2026-02-12T14:26:07","modified_gmt":"2026-02-12T12:26:07","slug":"kenttien-varaus","status":"publish","type":"page","link":"https:\/\/karjalantennis.fi\/wordpress\/kenttien-varaus\/","title":{"rendered":"Kenttien varaus"},"content":{"rendered":"\t\t<div data-elementor-type=\"wp-page\" data-elementor-id=\"22\" class=\"elementor elementor-22\">\n\t\t\t\t<div class=\"elementor-element elementor-element-f2fad36 e-grid e-con-boxed e-con e-parent\" data-id=\"f2fad36\" data-element_type=\"container\" data-e-type=\"container\">\n\t\t\t\t\t<div class=\"e-con-inner\">\n\t\t\t\t<div class=\"elementor-element elementor-element-28aa7d3 elementor-align-right elementor-mobile-align-center elementor-widget__width-inherit elementor-widget elementor-widget-button\" data-id=\"28aa7d3\" data-element_type=\"widget\" data-e-type=\"widget\" data-widget_type=\"button.default\">\n\t\t\t\t<div class=\"elementor-widget-container\">\n\t\t\t\t\t\t\t\t\t<div class=\"elementor-button-wrapper\">\n\t\t\t\t\t<a class=\"elementor-button elementor-button-link elementor-size-sm\" href=\"https:\/\/www.varaaheti.fi\/karte\/fi\/joensuu\/tennisradat\">\n\t\t\t\t\t\t<span class=\"elementor-button-content-wrapper\">\n\t\t\t\t\t\t\t\t\t<span class=\"elementor-button-text\">VARAA KENT\u00c4T T\u00c4ST\u00c4<\/span>\n\t\t\t\t\t<\/span>\n\t\t\t\t\t<\/a>\n\t\t\t\t<\/div>\n\t\t\t\t\t\t\t\t<\/div>\n\t\t\t\t<\/div>\n\t\t\t\t<div class=\"elementor-element elementor-element-8981a19 elementor-widget elementor-widget-heading\" data-id=\"8981a19\" data-element_type=\"widget\" data-e-type=\"widget\" data-widget_type=\"heading.default\">\n\t\t\t\t<div class=\"elementor-widget-container\">\n\t\t\t\t\t<h4 class=\"elementor-heading-title elementor-size-default\"><strong>=&nbsp;<\/strong><strong><a href=\"https:\/\/varaaheti.fi\/karte\" target=\"_blank\" rel=\"noopener noreferrer\">varaaheti.fi\/karte<\/a><\/strong><\/h4>\t\t\t\t<\/div>\n\t\t\t\t<\/div>\n\t\t\t\t\t<\/div>\n\t\t\t\t<\/div>\n\t\t<div class=\"elementor-element elementor-element-1199b91 e-grid e-con-boxed e-con e-parent\" data-id=\"1199b91\" data-element_type=\"container\" data-e-type=\"container\">\n\t\t\t\t\t<div class=\"e-con-inner\">\n\t\t\t\t<div class=\"elementor-element elementor-element-4e8a453 elementor-widget elementor-widget-image\" data-id=\"4e8a453\" data-element_type=\"widget\" data-e-type=\"widget\" data-widget_type=\"image.default\">\n\t\t\t\t<div class=\"elementor-widget-container\">\n\t\t\t\t\t\t\t\t\t\t\t\t\t\t\t<img fetchpriority=\"high\" decoding=\"async\" width=\"1024\" height=\"628\" src=\"https:\/\/karjalantennis.fi\/wordpress\/wp-content\/uploads\/2026\/02\/peteJaTeemuIso-Medium.jpeg\" class=\"attachment-large size-large wp-image-9886\" alt=\"\" srcset=\"https:\/\/karjalantennis.fi\/wordpress\/wp-content\/uploads\/2026\/02\/peteJaTeemuIso-Medium.jpeg 1024w, https:\/\/karjalantennis.fi\/wordpress\/wp-content\/uploads\/2026\/02\/peteJaTeemuIso-Medium-300x184.jpeg 300w, https:\/\/karjalantennis.fi\/wordpress\/wp-content\/uploads\/2026\/02\/peteJaTeemuIso-Medium-768x471.jpeg 768w\" sizes=\"(max-width: 1024px) 100vw, 1024px\" \/>\t\t\t\t\t\t\t\t\t\t\t\t\t\t\t<\/div>\n\t\t\t\t<\/div>\n\t\t\t\t<div class=\"elementor-element elementor-element-dd5d836 elementor-widget elementor-widget-image\" data-id=\"dd5d836\" data-element_type=\"widget\" data-e-type=\"widget\" data-widget_type=\"image.default\">\n\t\t\t\t<div class=\"elementor-widget-container\">\n\t\t\t\t\t\t\t\t\t\t\t\t\t\t\t<img decoding=\"async\" width=\"1024\" height=\"628\" src=\"https:\/\/karjalantennis.fi\/wordpress\/wp-content\/uploads\/2022\/04\/ulkokentat.jpg\" class=\"attachment-large size-large wp-image-5147\" alt=\"\" srcset=\"https:\/\/karjalantennis.fi\/wordpress\/wp-content\/uploads\/2022\/04\/ulkokentat.jpg 1024w, https:\/\/karjalantennis.fi\/wordpress\/wp-content\/uploads\/2022\/04\/ulkokentat-300x184.jpg 300w, https:\/\/karjalantennis.fi\/wordpress\/wp-content\/uploads\/2022\/04\/ulkokentat-768x471.jpg 768w\" sizes=\"(max-width: 1024px) 100vw, 1024px\" \/>\t\t\t\t\t\t\t\t\t\t\t\t\t\t\t<\/div>\n\t\t\t\t<\/div>\n\t\t\t\t\t<\/div>\n\t\t\t\t<\/div>\n\t\t<div class=\"elementor-element elementor-element-657927d e-flex e-con-boxed e-con e-parent\" data-id=\"657927d\" data-element_type=\"container\" data-e-type=\"container\">\n\t\t\t\t\t<div class=\"e-con-inner\">\n\t\t\t\t<div class=\"elementor-element elementor-element-82e3730 elementor-widget elementor-widget-text-editor\" data-id=\"82e3730\" data-element_type=\"widget\" data-e-type=\"widget\" data-widget_type=\"text-editor.default\">\n\t\t\t\t<div class=\"elementor-widget-container\">\n\t\t\t\t\t\t\t\t\t<p><span style=\"color: #000000;\">Karjalan tenniksen tennishalli sijaitsee (Hallitie 3, 80110 Joensuu) ja ulkokent\u00e4t sijaitsevat hallin takana.<\/span><\/p>\t\t\t\t\t\t\t\t<\/div>\n\t\t\t\t<\/div>\n\t\t\t\t\t<\/div>\n\t\t\t\t<\/div>\n\t\t<div class=\"elementor-element elementor-element-281a3d0 e-flex e-con-boxed e-con e-parent\" data-id=\"281a3d0\" data-element_type=\"container\" data-e-type=\"container\">\n\t\t\t\t\t<div class=\"e-con-inner\">\n\t\t\t\t<div class=\"elementor-element elementor-element-4957258 elementor-widget elementor-widget-google_maps\" data-id=\"4957258\" data-element_type=\"widget\" data-e-type=\"widget\" data-widget_type=\"google_maps.default\">\n\t\t\t\t<div class=\"elementor-widget-container\">\n\t\t\t\t\t\t\t<div class=\"elementor-custom-embed\">\n\t\t\t<iframe loading=\"lazy\"\n\t\t\t\t\tsrc=\"https:\/\/maps.google.com\/maps?q=Hallitie%203%2C%20joensuu&#038;t=m&#038;z=14&#038;output=embed&#038;iwloc=near\"\n\t\t\t\t\ttitle=\"Hallitie 3, joensuu\"\n\t\t\t\t\taria-label=\"Hallitie 3, joensuu\"\n\t\t\t><\/iframe>\n\t\t<\/div>\n\t\t\t\t\t\t<\/div>\n\t\t\t\t<\/div>\n\t\t\t\t\t<\/div>\n\t\t\t\t<\/div>\n\t\t<div class=\"elementor-element elementor-element-472f9b33 e-flex e-con-boxed e-con e-parent\" data-id=\"472f9b33\" data-element_type=\"container\" data-e-type=\"container\">\n\t\t\t\t\t<div class=\"e-con-inner\">\n\t\t\t\t<div class=\"elementor-element elementor-element-5389af6 elementor-widget elementor-widget-text-editor\" data-id=\"5389af6\" data-element_type=\"widget\" data-e-type=\"widget\" data-widget_type=\"text-editor.default\">\n\t\t\t\t<div class=\"elementor-widget-container\">\n\t\t\t\t\t\t\t\t\t<p><br \/><span style=\"font-size: 18px;\">KarTe:n hallissa on kolme plexipave-pintaista kentt\u00e4\u00e4. Halli on k\u00e4yt\u00f6ss\u00e4 koko vuoden ajan. Hallissa on pukuhuoneet, suihku ja vessat miehille ja naisille.<br \/><\/span><span style=\"font-size: 18px;\">Kes\u00e4kaudella Mehtim\u00e4ell\u00e4 p\u00e4\u00e4see pelaamaan kuudella tiilimurskakent\u00e4ll\u00e4. Ulkokentille on juuri kes\u00e4n 2025 lopulla saatu pukuhuoneet my\u00f6s.<\/span><\/p><p>Kenttien varaaminen edellytt\u00e4\u00e4 rekister\u00f6itymist\u00e4 asiakkaaksi. Kenttien irtotuntien varaus tapahtuu seuraavan linkin kautta \u00a0<a href=\"http:\/\/varaaheti.fi\/karte\" target=\"_blank\" rel=\"noopener noreferrer\">nettivarauksella<\/a>. Vuorot laskutetaan j\u00e4lkik\u00e4teen l\u00e4hett\u00e4m\u00e4ll\u00e4 lasku varaajan rekister\u00f6ityess\u00e4\u00e4n ilmoittamaan s\u00e4hk\u00f6postiosoitteeseen. Laskutus tapahtuu kerran kuussa.<\/p><p><b>Kenttien hinnat \u00a0(1.1-31.5.2025)<br \/><\/b>Su-pe 15.30-21.30 hinta 30 \u20ac (sis alv 14 %)\/tunti<\/p><p>Su-pe 8.00-15.30 ja 21.30-23 + koko lauantai hinta 21 \u20ac (sis alv 14 %)\/tunti<\/p><p>Ma-su 6.00-8.00 hinta 13 \u20ac (sis alv 14 %)\/tunti<\/p><p>Kenttien varaukset nettij\u00e4rjestelm\u00e4n kautta.<\/p><p>Ota yhteys <a href=\"mailto:info@karjalantennis.fi\" target=\"_blank\" rel=\"noopener noreferrer\">info@karjalantennis.fi<\/a>, jos haluat selvitt\u00e4\u00e4 mahdollisuuden vakiovuoroon.<\/p><p>Lis\u00e4tietoja<br \/><span style=\"font-size: 18px;\">Antero Puhakka<br \/><\/span><span style=\"font-size: 18px;\">0400 646 382<\/span><\/p>\t\t\t\t\t\t\t\t<\/div>\n\t\t\t\t<\/div>\n\t\t\t\t\t<\/div>\n\t\t\t\t<\/div>\n\t\t\t\t<\/div>\n\t\t","protected":false},"excerpt":{"rendered":"<p>VARAA KENT\u00c4T T\u00c4ST\u00c4 =&nbsp;varaaheti.fi\/karte Karjalan tenniksen tennishalli sijaitsee (Hallitie 3, 80110 Joensuu) ja ulkokent\u00e4t sijaitsevat hallin takana. KarTe:n hallissa on kolme plexipave-pintaista kentt\u00e4\u00e4. Halli on k\u00e4yt\u00f6ss\u00e4 koko vuoden ajan. Hallissa on pukuhuoneet, suihku ja vessat miehille ja naisille.Kes\u00e4kaudella Mehtim\u00e4ell\u00e4 p\u00e4\u00e4see pelaamaan kuudella tiilimurskakent\u00e4ll\u00e4. Ulkokentille on juuri kes\u00e4n 2025 lopulla saatu pukuhuoneet my\u00f6s. Kenttien varaaminen edellytt\u00e4\u00e4&#8230;<\/p>\n","protected":false},"author":2,"featured_media":0,"parent":0,"menu_order":0,"comment_status":"closed","ping_status":"closed","template":"","meta":{"_kad_post_transparent":"","_kad_post_title":"","_kad_post_layout":"","_kad_post_sidebar_id":"","_kad_post_content_style":"","_kad_post_vertical_padding":"","_kad_post_feature":"","_kad_post_feature_position":"","_kad_post_header":false,"_kad_post_footer":false,"_kad_post_classname":"","footnotes":""},"class_list":["post-22","page","type-page","status-publish","hentry"],"_links":{"self":[{"href":"https:\/\/karjalantennis.fi\/wordpress\/wp-json\/wp\/v2\/pages\/22","targetHints":{"allow":["GET"]}}],"collection":[{"href":"https:\/\/karjalantennis.fi\/wordpress\/wp-json\/wp\/v2\/pages"}],"about":[{"href":"https:\/\/karjalantennis.fi\/wordpress\/wp-json\/wp\/v2\/types\/page"}],"author":[{"embeddable":true,"href":"https:\/\/karjalantennis.fi\/wordpress\/wp-json\/wp\/v2\/users\/2"}],"replies":[{"embeddable":true,"href":"https:\/\/karjalantennis.fi\/wordpress\/wp-json\/wp\/v2\/comments?post=22"}],"version-history":[{"count":151,"href":"https:\/\/karjalantennis.fi\/wordpress\/wp-json\/wp\/v2\/pages\/22\/revisions"}],"predecessor-version":[{"id":9972,"href":"https:\/\/karjalantennis.fi\/wordpress\/wp-json\/wp\/v2\/pages\/22\/revisions\/9972"}],"wp:attachment":[{"href":"https:\/\/karjalantennis.fi\/wordpress\/wp-json\/wp\/v2\/media?parent=22"}],"curies":[{"name":"wp","href":"https:\/\/api.w.org\/{rel}","templated":true}]}}