{"id":2600,"date":"2018-05-24T20:44:23","date_gmt":"2018-05-24T17:44:23","guid":{"rendered":"http:\/\/karjalantennis.fi\/wordpress\/?page_id=2600"},"modified":"2019-01-14T20:25:19","modified_gmt":"2019-01-14T18:25:19","slug":"henkilotietojen-kasittely-karten-toiminnassa","status":"publish","type":"page","link":"https:\/\/karjalantennis.fi\/wordpress\/henkilotietojen-kasittely-karten-toiminnassa\/","title":{"rendered":"Henkil\u00f6tietojen k\u00e4sittely KarTe:n toiminnassa"},"content":{"rendered":"<p>T\u00e4ss\u00e4 kuvataan lyhyesti henkil\u00f6tietojen k\u00e4sittelyst\u00e4 KarTe:n toiminnassa\u00a0EU:n yleisen tietosuoja-asetus huomioiden.<\/p>\n<p>Rekisterinpit\u00e4j\u00e4n\u00e4 toimii Karjalan Tennis ry ja yhteyshenkil\u00f6n\u00e4 <a href=\"antero.puhakka@karjalantennis.fi\">Antero Puhakka<\/a>, jonka puoleen henkil\u00f6tietojen k\u00e4sittelyyn liittyviss\u00e4 pyynn\u00f6iss\u00e4 voi k\u00e4\u00e4nty\u00e4.<\/p>\n<p>KarTe:n j\u00e4senrekisterin osalta henkil\u00f6tietojen k\u00e4sittelyn perusteena on henkil\u00f6n j\u00e4senyys seurassa. Tiedot (nimi, sukupuoli, syntym\u00e4aika, postiosoite, s\u00e4hk\u00f6postiosoite ja puhelinnumero) ker\u00e4t\u00e4\u00e4n j\u00e4senilt\u00e4 itselt\u00e4\u00e4n n\u00e4iden liittyess\u00e4 j\u00e4seniksi ja alaik\u00e4isten osalta tiedot ker\u00e4t\u00e4\u00e4n n\u00e4iden huoltajilta. Tietoja k\u00e4ytet\u00e4\u00e4n KarTe:n ja j\u00e4senen v\u00e4lisen j\u00e4sensuhteen yll\u00e4pitoon, kuten s\u00e4hk\u00f6iseen j\u00e4senviestint\u00e4\u00e4n. Henkil\u00f6tietoja k\u00e4sitell\u00e4\u00e4n my\u00f6s seuratoimintaan, kuten valmennukseen, kilpailuihin tai muihin tapahtumiin osallistumisessa.<\/p>\n<p>KarTe:n asiakasrekistereiss\u00e4 henkil\u00f6tietojen k\u00e4sittelyn perusteena on henkil\u00f6n sopimussuhde seuraan kuten esim. valmennukseen osallistuminen, kenttien vuokraaminen, kilpailuihin osallistuminen. Tiedot ker\u00e4t\u00e4\u00e4n henkil\u00f6ilt\u00e4 itselt\u00e4\u00e4n ja alaik\u00e4isten osalta n\u00e4iden huoltajilta sek\u00e4 henkil\u00f6n k\u00e4ytt\u00e4mien seuran tarjoamien palveluiden perusteella. Rekistereiss\u00e4 on laskutettavien tapahtumien yksil\u00f6idyt tiedot (esim. valmennuksen tyyppi, valmennuskertojen m\u00e4\u00e4r\u00e4, kentt\u00e4varaukset).<\/p>\n<p>KarTe luovuttaa seuran j\u00e4senten tietoja (nimi, syntym\u00e4aika, s\u00e4hk\u00f6posti ja j\u00e4senyystieto) Suomen Tennisliiton pelaajarekisteriin, mik\u00e4 antaa j\u00e4senelle mahdollisuuden hankkia kilpailemiseen oikeuttavan kilpailulisenssin. J\u00e4senell\u00e4 on oikeus kielt\u00e4\u00e4 tietojensa luovuttaminen Suomen Tennisliitolle, ilmoittamalla siit\u00e4 yhteyshenkil\u00f6lle. KarTe ei luovuta tietoja kolmansiin maihin tai kansainv\u00e4lisille j\u00e4rjest\u00f6ille.<\/p>\n<p>KarTe s\u00e4ilytt\u00e4\u00e4 j\u00e4senten ja asiakkaiden tietoja niin kauan, kun heill\u00e4 on voimassa oleva j\u00e4senyys\/asiakkuus seurassa. KarTe poistaa kohtuullisen ajan kuluessa niiden henkil\u00f6iden tiedot, joiden j\u00e4senyys\/asiakkuus seurassa on p\u00e4\u00e4ttynyt, ellei tietojen s\u00e4ilytt\u00e4miselle ole muuta laillista perustetta.<\/p>\n<p>KarTe:ssa henkil\u00f6tietoja k\u00e4sittelev\u00e4t vain ne, joilla on teht\u00e4viens\u00e4 suorittamiseksi tarve tietoihin. Niit\u00e4, joilla on p\u00e4\u00e4sy tietoihin, on ohjeistettu k\u00e4sittelem\u00e4\u00e4n tietoja lainmukaisesti.<\/p>\n<p>Rekister\u00f6idyll\u00e4 on oikeus saada p\u00e4\u00e4sy h\u00e4nt\u00e4 koskeviin henkil\u00f6tietoihin,\u00a0oikeus vaatia h\u00e4nt\u00e4 koskevat virheelliset henkil\u00f6tiedot oikaistavaksi sek\u00e4 oikeus tietojen poistamiseen, ellei k\u00e4sittelyyn ole laillisia perusteita. Rekister\u00f6idyll\u00e4 on my\u00f6s oikeus siihen, ett\u00e4 rekisterinpit\u00e4j\u00e4 rajoittaa h\u00e4nt\u00e4 koskevien tietojen k\u00e4sittely\u00e4. Rekister\u00f6idyll\u00e4 on my\u00f6s EU:n tietosuoja-asetuksen mukaan oikeus tietojen siirt\u00e4miseen toiselle rekisterinpit\u00e4j\u00e4lle, oikeus vastustaa tietojen k\u00e4sittely\u00e4 sek\u00e4 oikeus tehd\u00e4 valitus valvontaviranomaiselle. Viime mainittua lukuunottamatta pyynt\u00f6 on kohdistettava yhteyshenkil\u00f6lle, ja viime mainitun osalta Tietosuojavaltuutetun toimistoon.<\/p>\n","protected":false},"excerpt":{"rendered":"<p>T\u00e4ss\u00e4 kuvataan lyhyesti henkil\u00f6tietojen k\u00e4sittelyst\u00e4 KarTe:n toiminnassa\u00a0EU:n yleisen tietosuoja-asetus huomioiden. Rekisterinpit\u00e4j\u00e4n\u00e4 toimii Karjalan Tennis ry ja yhteyshenkil\u00f6n\u00e4 Antero Puhakka, jonka puoleen henkil\u00f6tietojen k\u00e4sittelyyn liittyviss\u00e4 pyynn\u00f6iss\u00e4 voi k\u00e4\u00e4nty\u00e4. KarTe:n j\u00e4senrekisterin osalta henkil\u00f6tietojen k\u00e4sittelyn perusteena on henkil\u00f6n j\u00e4senyys seurassa. Tiedot (nimi, sukupuoli, syntym\u00e4aika, postiosoite, s\u00e4hk\u00f6postiosoite ja puhelinnumero) ker\u00e4t\u00e4\u00e4n j\u00e4senilt\u00e4 itselt\u00e4\u00e4n n\u00e4iden liittyess\u00e4 j\u00e4seniksi ja alaik\u00e4isten osalta tiedot&#8230;<\/p>\n","protected":false},"author":2,"featured_media":0,"parent":0,"menu_order":0,"comment_status":"closed","ping_status":"closed","template":"","meta":{"_kad_post_transparent":"","_kad_post_title":"","_kad_post_layout":"","_kad_post_sidebar_id":"","_kad_post_content_style":"","_kad_post_vertical_padding":"","_kad_post_feature":"","_kad_post_feature_position":"","_kad_post_header":false,"_kad_post_footer":false,"_kad_post_classname":"","footnotes":""},"class_list":["post-2600","page","type-page","status-publish","hentry"],"_links":{"self":[{"href":"https:\/\/karjalantennis.fi\/wordpress\/wp-json\/wp\/v2\/pages\/2600","targetHints":{"allow":["GET"]}}],"collection":[{"href":"https:\/\/karjalantennis.fi\/wordpress\/wp-json\/wp\/v2\/pages"}],"about":[{"href":"https:\/\/karjalantennis.fi\/wordpress\/wp-json\/wp\/v2\/types\/page"}],"author":[{"embeddable":true,"href":"https:\/\/karjalantennis.fi\/wordpress\/wp-json\/wp\/v2\/users\/2"}],"replies":[{"embeddable":true,"href":"https:\/\/karjalantennis.fi\/wordpress\/wp-json\/wp\/v2\/comments?post=2600"}],"version-history":[{"count":2,"href":"https:\/\/karjalantennis.fi\/wordpress\/wp-json\/wp\/v2\/pages\/2600\/revisions"}],"predecessor-version":[{"id":3012,"href":"https:\/\/karjalantennis.fi\/wordpress\/wp-json\/wp\/v2\/pages\/2600\/revisions\/3012"}],"wp:attachment":[{"href":"https:\/\/karjalantennis.fi\/wordpress\/wp-json\/wp\/v2\/media?parent=2600"}],"curies":[{"name":"wp","href":"https:\/\/api.w.org\/{rel}","templated":true}]}}