{"id":3001,"date":"2019-01-13T13:44:14","date_gmt":"2019-01-13T11:44:14","guid":{"rendered":"http:\/\/karjalantennis.fi\/wordpress\/?page_id=3001"},"modified":"2025-12-17T08:18:51","modified_gmt":"2025-12-17T06:18:51","slug":"karten-saannot-3","status":"publish","type":"page","link":"https:\/\/karjalantennis.fi\/wordpress\/karten-saannot-3\/","title":{"rendered":"KarTe:n s\u00e4\u00e4nn\u00f6t"},"content":{"rendered":"\n<p class=\"has-text-align-center has-medium-font-size\"><a href=\"https:\/\/karjalantennis.fi\/wordpress\/wp-content\/uploads\/2021\/09\/saannot-2021.pdf\">KarTen s\u00e4\u00e4nn\u00f6t<\/a><\/p>\n\n\n\n<p class=\"has-text-align-center has-medium-font-size\">KarTe:n s\u00e4\u00e4nn\u00f6t on p\u00e4ivitetty 2021. P\u00e4ivitetyt s\u00e4\u00e4nn\u00f6t ovat astuneet voimaan 16.8.2021.<\/p>\n\n\n\n<p><\/p>\n","protected":false},"excerpt":{"rendered":"<p>KarTen s\u00e4\u00e4nn\u00f6t KarTe:n s\u00e4\u00e4nn\u00f6t on p\u00e4ivitetty 2021. P\u00e4ivitetyt s\u00e4\u00e4nn\u00f6t ovat astuneet voimaan 16.8.2021.<\/p>\n","protected":false},"author":2,"featured_media":0,"parent":0,"menu_order":0,"comment_status":"closed","ping_status":"closed","template":"","meta":{"_kad_post_transparent":"","_kad_post_title":"","_kad_post_layout":"","_kad_post_sidebar_id":"","_kad_post_content_style":"","_kad_post_vertical_padding":"","_kad_post_feature":"","_kad_post_feature_position":"","_kad_post_header":false,"_kad_post_footer":false,"_kad_post_classname":"","footnotes":""},"class_list":["post-3001","page","type-page","status-publish","hentry"],"_links":{"self":[{"href":"https:\/\/karjalantennis.fi\/wordpress\/wp-json\/wp\/v2\/pages\/3001","targetHints":{"allow":["GET"]}}],"collection":[{"href":"https:\/\/karjalantennis.fi\/wordpress\/wp-json\/wp\/v2\/pages"}],"about":[{"href":"https:\/\/karjalantennis.fi\/wordpress\/wp-json\/wp\/v2\/types\/page"}],"author":[{"embeddable":true,"href":"https:\/\/karjalantennis.fi\/wordpress\/wp-json\/wp\/v2\/users\/2"}],"replies":[{"embeddable":true,"href":"https:\/\/karjalantennis.fi\/wordpress\/wp-json\/wp\/v2\/comments?post=3001"}],"version-history":[{"count":6,"href":"https:\/\/karjalantennis.fi\/wordpress\/wp-json\/wp\/v2\/pages\/3001\/revisions"}],"predecessor-version":[{"id":8447,"href":"https:\/\/karjalantennis.fi\/wordpress\/wp-json\/wp\/v2\/pages\/3001\/revisions\/8447"}],"wp:attachment":[{"href":"https:\/\/karjalantennis.fi\/wordpress\/wp-json\/wp\/v2\/media?parent=3001"}],"curies":[{"name":"wp","href":"https:\/\/api.w.org\/{rel}","templated":true}]}}