{"id":33,"date":"2015-01-31T11:32:04","date_gmt":"2015-01-31T11:32:04","guid":{"rendered":"http:\/\/karjalantennis.fi\/wordpress\/?page_id=33"},"modified":"2025-12-17T08:24:48","modified_gmt":"2025-12-17T06:24:48","slug":"maksut","status":"publish","type":"page","link":"https:\/\/karjalantennis.fi\/wordpress\/maksut\/","title":{"rendered":"Maksut sis\u00e4kausi 2025-26"},"content":{"rendered":"\t\t<div data-elementor-type=\"wp-page\" data-elementor-id=\"33\" class=\"elementor elementor-33\">\n\t\t\t\t<div class=\"elementor-element elementor-element-3e544a5 e-flex e-con-boxed e-con e-parent\" data-id=\"3e544a5\" data-element_type=\"container\" data-e-type=\"container\">\n\t\t\t\t\t<div class=\"e-con-inner\">\n\t\t\t\t<div class=\"elementor-element elementor-element-c211ff2 elementor-widget elementor-widget-heading\" data-id=\"c211ff2\" data-element_type=\"widget\" data-e-type=\"widget\" data-widget_type=\"heading.default\">\n\t\t\t\t<div class=\"elementor-widget-container\">\n\t\t\t\t\t<h2 class=\"elementor-heading-title elementor-size-default\">Valmennusmaksut<\/h2>\t\t\t\t<\/div>\n\t\t\t\t<\/div>\n\t\t\t\t\t<\/div>\n\t\t\t\t<\/div>\n\t\t<div class=\"elementor-element elementor-element-2860a5fa e-flex e-con-boxed e-con e-parent\" data-id=\"2860a5fa\" data-element_type=\"container\" data-e-type=\"container\">\n\t\t\t\t\t<div class=\"e-con-inner\">\n\t\t\t\t<div class=\"elementor-element elementor-element-5f550323 elementor-widget elementor-widget-text-editor\" data-id=\"5f550323\" data-element_type=\"widget\" data-e-type=\"widget\" data-widget_type=\"text-editor.default\">\n\t\t\t\t<div class=\"elementor-widget-container\">\n\t\t\t\t\t\t\t\t\t<p><strong>Valmennukseen osallistuminen edellytt\u00e4\u00e4 seuran j\u00e4senyytt\u00e4 (<a href=\"https:\/\/karjalantennis.fi\/wordpress\/karte\/liity-jaseneksi\/\">Liity j\u00e4seneksi<\/a><\/strong><strong>)<\/strong>.\u00a0 Yleishy\u00f6dyllisen\u00e4 yhteis\u00f6n\u00e4 seura pystyy j\u00e4rjest\u00e4m\u00e4\u00e4n valmennustoimintaa 0 % alv ainoastaan seuran j\u00e4senille. \u00a0Muiden kuin seuran j\u00e4senten osalta kyse on yleishy\u00f6dyllisen yhdistyksen liiketoimintaa, ja valmennusmaksuihin lis\u00e4t\u00e4\u00e4n t\u00e4ll\u00f6in 24 % alv.<\/p>\n<p>Valmennuksen lukukausimaksut viikottaisilla lajitunneilla: Linkkej\u00e4 klikkaamalla p\u00e4\u00e4set tutustumaan ryhmien toimintaan sek\u00e4 ryhm\u00e4l\u00e4isille kuuluviin etuihin ja velvollisuuksiin.<\/p>\n<p><a href=\"https:\/\/karjalantennis.fi\/wordpress\/harrastepelaajan-polku\/\"><b>PUNAINEN HARRASTUSPOLKU<\/b><\/a> 1 h = 180 \u20ac, 2 h= 340\u20ac<\/p>\n<p><b><a href=\"https:\/\/karjalantennis.fi\/wordpress\/harrastepelaajan-polku\/\">ORANSSI HARRASTUSPOLKU<\/a>\u00a0<\/b>1 h = 190 \u20ac, 2 h = 365 \u20ac<\/p>\n<p><b><a href=\"https:\/\/karjalantennis.fi\/wordpress\/harrastepelaajan-polku\/\">VIHRE\u00c4 HARRASTUSPOLKU<\/a>\u00a0<\/b>1 h = 210 \u20ac, 2 h = 400 \u20ac<\/p>\n<p><a href=\"https:\/\/karjalantennis.fi\/wordpress\/harrastepelaajan-polku\/\"><strong>KELTAINEN HARRASTUSPOLKU<\/strong><\/a> 1 h = 210 \u20ac, 2 h = 400 \u20ac<\/p>\n<p><a href=\"https:\/\/karjalantennis.fi\/wordpress\/kilpapelaajan-polku\/\"><b>PUNAINEN KILPAPOLKU<\/b><\/a> 2 h = 420 \u20ac<\/p>\n<p><a href=\"https:\/\/karjalantennis.fi\/wordpress\/kilpapelaajan-polku\/\"><b>ORANSSI KILPAPOLKU<\/b><\/a> 2 h = 420 \u20ac, 3 h = 625 \u20ac<\/p>\n<p><a href=\"https:\/\/karjalantennis.fi\/wordpress\/kilpapelaajan-polku\/\"><b>VIHRE\u00c4 KILPAPOLKU<\/b><\/a> 2 h = 420 \u20ac, 3 h = 625 \u20ac, 4 h = 800 \u20ac, 5 h = 1000 \u20ac<\/p>\n<p><a href=\"https:\/\/karjalantennis.fi\/wordpress\/kilpapelaajan-polku\/\"><strong>KELTAINEN KILPAPOLKU (11-13v)<\/strong><\/a>\u00a0 2 h = 420 \u20ac, 3 h = 625 \u20ac, 4 h = 800 \u20ac, 5 h = 1000 \u20ac, 6 h = 1200\u20ac, 7 h = 1400\u20ac, 8 h = 1600\u20ac<\/p>\n<p><a href=\"https:\/\/karjalantennis.fi\/wordpress\/kilpapelaajan-polku\/\"><strong>KELTAINEN KILPAPOLKU (13-18v)<\/strong><\/a> 2 h\u00a0 = 420 \u20ac, 3 h = 625 \u20ac, 4 h = 800 \u20ac, 5 h = 1000 \u20ac, 6 h = 1200\u20ac, 7 h = 1400\u20ac, 8 h= 1600\u20ac<\/p>\n<p>Valmennuksen lukukausimaksu kattaa valmennuksen, kentt\u00e4\/salivuokrat, pallot ja muut suoranaiset valmennuksesta koituvat kulut. Valmennusmaksut ovat samansuuruiset sek\u00e4 syys- ett\u00e4 kev\u00e4tkaudella, vaikka kev\u00e4tkausi onkin ajallisesti pitempi.<\/p>\n<p>Alennukset lukukausimaksuista:<\/p>\n<ul>\n<li>Sisaralennus -15%<\/li>\n<li>Johtokunnan j\u00e4senyys -25%<\/li>\n<\/ul>\n\n\n<p><\/p>\n\t\t\t\t\t\t\t\t<\/div>\n\t\t\t\t<\/div>\n\t\t\t\t\t<\/div>\n\t\t\t\t<\/div>\n\t\t\t\t<\/div>\n\t\t","protected":false},"excerpt":{"rendered":"<p>Valmennusmaksut Valmennukseen osallistuminen edellytt\u00e4\u00e4 seuran j\u00e4senyytt\u00e4 (Liity j\u00e4seneksi).\u00a0 Yleishy\u00f6dyllisen\u00e4 yhteis\u00f6n\u00e4 seura pystyy j\u00e4rjest\u00e4m\u00e4\u00e4n valmennustoimintaa 0 % alv ainoastaan seuran j\u00e4senille. \u00a0Muiden kuin seuran j\u00e4senten osalta kyse on yleishy\u00f6dyllisen yhdistyksen liiketoimintaa, ja valmennusmaksuihin lis\u00e4t\u00e4\u00e4n t\u00e4ll\u00f6in 24 % alv. Valmennuksen lukukausimaksut viikottaisilla lajitunneilla: Linkkej\u00e4 klikkaamalla p\u00e4\u00e4set tutustumaan ryhmien toimintaan sek\u00e4 ryhm\u00e4l\u00e4isille kuuluviin etuihin ja velvollisuuksiin. PUNAINEN HARRASTUSPOLKU&#8230;<\/p>\n","protected":false},"author":2,"featured_media":0,"parent":0,"menu_order":0,"comment_status":"closed","ping_status":"closed","template":"","meta":{"_kad_post_transparent":"","_kad_post_title":"","_kad_post_layout":"","_kad_post_sidebar_id":"","_kad_post_content_style":"","_kad_post_vertical_padding":"","_kad_post_feature":"","_kad_post_feature_position":"","_kad_post_header":false,"_kad_post_footer":false,"_kad_post_classname":"","footnotes":""},"class_list":["post-33","page","type-page","status-publish","hentry"],"_links":{"self":[{"href":"https:\/\/karjalantennis.fi\/wordpress\/wp-json\/wp\/v2\/pages\/33","targetHints":{"allow":["GET"]}}],"collection":[{"href":"https:\/\/karjalantennis.fi\/wordpress\/wp-json\/wp\/v2\/pages"}],"about":[{"href":"https:\/\/karjalantennis.fi\/wordpress\/wp-json\/wp\/v2\/types\/page"}],"author":[{"embeddable":true,"href":"https:\/\/karjalantennis.fi\/wordpress\/wp-json\/wp\/v2\/users\/2"}],"replies":[{"embeddable":true,"href":"https:\/\/karjalantennis.fi\/wordpress\/wp-json\/wp\/v2\/comments?post=33"}],"version-history":[{"count":42,"href":"https:\/\/karjalantennis.fi\/wordpress\/wp-json\/wp\/v2\/pages\/33\/revisions"}],"predecessor-version":[{"id":8459,"href":"https:\/\/karjalantennis.fi\/wordpress\/wp-json\/wp\/v2\/pages\/33\/revisions\/8459"}],"wp:attachment":[{"href":"https:\/\/karjalantennis.fi\/wordpress\/wp-json\/wp\/v2\/media?parent=33"}],"curies":[{"name":"wp","href":"https:\/\/api.w.org\/{rel}","templated":true}]}}