{"id":3647,"date":"2020-01-28T21:33:22","date_gmt":"2020-01-28T19:33:22","guid":{"rendered":"http:\/\/karjalantennis.fi\/wordpress\/?page_id=3647"},"modified":"2025-12-17T08:26:59","modified_gmt":"2025-12-17T06:26:59","slug":"toiminta-epaasiallisen-kohtelun-tilanteissa","status":"publish","type":"page","link":"https:\/\/karjalantennis.fi\/wordpress\/toiminta-epaasiallisen-kohtelun-tilanteissa\/","title":{"rendered":"Toiminta ep\u00e4asiallisen kohtelun tilanteissa"},"content":{"rendered":"\t\t<div data-elementor-type=\"wp-page\" data-elementor-id=\"3647\" class=\"elementor elementor-3647\">\n\t\t\t\t<div class=\"elementor-element elementor-element-eca72d5 e-flex e-con-boxed e-con e-parent\" data-id=\"eca72d5\" data-element_type=\"container\" data-e-type=\"container\">\n\t\t\t\t\t<div class=\"e-con-inner\">\n\t\t\t\t<div class=\"elementor-element elementor-element-f13a513 elementor-widget elementor-widget-heading\" data-id=\"f13a513\" data-element_type=\"widget\" data-e-type=\"widget\" data-widget_type=\"heading.default\">\n\t\t\t\t<div class=\"elementor-widget-container\">\n\t\t\t\t\t<h2 class=\"elementor-heading-title elementor-size-default\">Toiminta ep\u00e4asiallisen kohtelun tilanteissa<\/h2>\t\t\t\t<\/div>\n\t\t\t\t<\/div>\n\t\t\t\t\t<\/div>\n\t\t\t\t<\/div>\n\t\t<div class=\"elementor-element elementor-element-7575da68 e-flex e-con-boxed e-con e-parent\" data-id=\"7575da68\" data-element_type=\"container\" data-e-type=\"container\">\n\t\t\t\t\t<div class=\"e-con-inner\">\n\t\t\t\t<div class=\"elementor-element elementor-element-6aa8a1bc elementor-widget elementor-widget-text-editor\" data-id=\"6aa8a1bc\" data-element_type=\"widget\" data-e-type=\"widget\" data-widget_type=\"text-editor.default\">\n\t\t\t\t<div class=\"elementor-widget-container\">\n\t\t\t\t\t\t\t\t\t<p><\/p>\n<p class=\"has-medium-font-size\">Kanssatoimijoiden kunnioitus tarkoittaa sit\u00e4, ett\u00e4 KarTen toiminnassa ei ole sijaa suvaitsemattomuudelle, toisten pilkkaamiselle, v\u00e4heksymiselle sen paremmin kuin fyysiselle tai henkiselle h\u00e4irinn\u00e4llek\u00e4\u00e4n. Kaikilla seuratoimijoilla on velvollisuus puuttua t\u00e4m\u00e4nkaltaiseen kielteiseen toimintaan, ja asioihin puututaan v\u00e4litt\u00f6m\u00e4sti.<\/p>\n<p><\/p>\n<p><\/p>\n<p class=\"has-medium-font-size\">Asioiden selvittelyss\u00e4 hy\u00f6dynn\u00e4mme Tennisliiton valmistelemaa ohjeistusta. <\/p>\n<p><\/p>\n<p><\/p>\n<p class=\"has-medium-font-size\">Havaittessasi ongelmia, tai haluessasi keskustella asiasta, voit aina ottaa yhteytt\u00e4 joko valmennusp\u00e4\u00e4llikk\u00f6 Jaakko Immoseen 050 339 1321 tai puheenjohtaja Antero Puhakkaan 0400 646 382 tai muihin <a href=\"https:\/\/karjalantennis.fi\/wordpress\/yhteystiedot\/johtokunta\/\">johtokunnan j\u00e4seniin<\/a>.<\/p>\n<p><\/p>\n<p><\/p>\n<p class=\"has-medium-font-size\">Voit my\u00f6s olla yhteydess\u00e4 Suomen urheilun eettisen keskuksen (Suek) <a aria-label=\"ILMO-palveluun (avautuu uudessa v\u00e4lilehdess\u00e4)\" href=\"https:\/\/ilmo.suek.fi\/\" target=\"_blank\" rel=\"noreferrer noopener\">ILMO-palveluun<\/a> tai V\u00e4est\u00f6liiton ja suomalaisen urheilun yhteishankkeeseen<br><a aria-label=\"Et ole yksin -palveluun (avautuu uudessa v\u00e4lilehdess\u00e4)\" href=\"https:\/\/etoleyksin.fi\/haluatko-jutella\/\" target=\"_blank\" rel=\"noreferrer noopener\">Et ole yksin -palveluun<\/a>.<\/p>\n<p><\/p>\t\t\t\t\t\t\t\t<\/div>\n\t\t\t\t<\/div>\n\t\t\t\t\t<\/div>\n\t\t\t\t<\/div>\n\t\t\t\t<\/div>\n\t\t","protected":false},"excerpt":{"rendered":"<p>Toiminta ep\u00e4asiallisen kohtelun tilanteissa Kanssatoimijoiden kunnioitus tarkoittaa sit\u00e4, ett\u00e4 KarTen toiminnassa ei ole sijaa suvaitsemattomuudelle, toisten pilkkaamiselle, v\u00e4heksymiselle sen paremmin kuin fyysiselle tai henkiselle h\u00e4irinn\u00e4llek\u00e4\u00e4n. Kaikilla seuratoimijoilla on velvollisuus puuttua t\u00e4m\u00e4nkaltaiseen kielteiseen toimintaan, ja asioihin puututaan v\u00e4litt\u00f6m\u00e4sti. Asioiden selvittelyss\u00e4 hy\u00f6dynn\u00e4mme Tennisliiton valmistelemaa ohjeistusta. Havaittessasi ongelmia, tai haluessasi keskustella asiasta, voit aina ottaa yhteytt\u00e4 joko valmennusp\u00e4\u00e4llikk\u00f6&#8230;<\/p>\n","protected":false},"author":2,"featured_media":0,"parent":0,"menu_order":0,"comment_status":"closed","ping_status":"closed","template":"","meta":{"_kad_post_transparent":"","_kad_post_title":"","_kad_post_layout":"","_kad_post_sidebar_id":"","_kad_post_content_style":"","_kad_post_vertical_padding":"","_kad_post_feature":"","_kad_post_feature_position":"","_kad_post_header":false,"_kad_post_footer":false,"_kad_post_classname":"","footnotes":""},"class_list":["post-3647","page","type-page","status-publish","hentry"],"_links":{"self":[{"href":"https:\/\/karjalantennis.fi\/wordpress\/wp-json\/wp\/v2\/pages\/3647","targetHints":{"allow":["GET"]}}],"collection":[{"href":"https:\/\/karjalantennis.fi\/wordpress\/wp-json\/wp\/v2\/pages"}],"about":[{"href":"https:\/\/karjalantennis.fi\/wordpress\/wp-json\/wp\/v2\/types\/page"}],"author":[{"embeddable":true,"href":"https:\/\/karjalantennis.fi\/wordpress\/wp-json\/wp\/v2\/users\/2"}],"replies":[{"embeddable":true,"href":"https:\/\/karjalantennis.fi\/wordpress\/wp-json\/wp\/v2\/comments?post=3647"}],"version-history":[{"count":12,"href":"https:\/\/karjalantennis.fi\/wordpress\/wp-json\/wp\/v2\/pages\/3647\/revisions"}],"predecessor-version":[{"id":8465,"href":"https:\/\/karjalantennis.fi\/wordpress\/wp-json\/wp\/v2\/pages\/3647\/revisions\/8465"}],"wp:attachment":[{"href":"https:\/\/karjalantennis.fi\/wordpress\/wp-json\/wp\/v2\/media?parent=3647"}],"curies":[{"name":"wp","href":"https:\/\/api.w.org\/{rel}","templated":true}]}}