{"id":4335,"date":"2021-05-20T19:48:47","date_gmt":"2021-05-20T16:48:47","guid":{"rendered":"https:\/\/karjalantennis.fi\/wordpress\/?page_id=4335"},"modified":"2022-03-24T20:08:24","modified_gmt":"2022-03-24T18:08:24","slug":"palautekyselyn-tuloksia","status":"publish","type":"page","link":"https:\/\/karjalantennis.fi\/wordpress\/palautekyselyn-tuloksia\/","title":{"rendered":"Palautekyselyn tuloksia (kev\u00e4t 2021)"},"content":{"rendered":"\n<p>Auditointiin liittyen KarTe toteutti palautekyselyn vanhemmille ja junioreille maaliskuussa 2021. Vastauksia tuli kaikkiaan 27 kpl, ja ohessa muutamia keskeisi\u00e4 huomioita palautteesta. KarTen T\u00e4htiseura-statuksen tiesi kaksi vastaajaa kolmesta (65 %). Kyselyn vastausasteikko oli 1= t\u00e4ysin eri mielt\u00e4 ja 5= t\u00e4ysin samaa mielt\u00e4. Kokonaisuutena ottaen vastaajat olivat eritt\u00e4in tyytyv\u00e4isi\u00e4 oman lapsen ryhm\u00e4n toimintaan (keskiarvo 4,85), valmentajien koettiin hoitavan teht\u00e4v\u00e4ns\u00e4 hyvin (4,93), lasten saamaa valmennusta pidettiin laadukkaana (4,85), ja valmentajien koettiin osaavan toimia hyvin lasten kanssa (4,85). Lasten harjoitusm\u00e4\u00e4r\u00e4\u00e4 pidettiin sopivina (4,6), mutta kilpailu- ja ottelutapahtumien sopivassa m\u00e4\u00e4r\u00e4ss\u00e4 oli hajontaa siten, ett\u00e4 joka kahdeksas vastaaja (12,5 %) oli eri mielt\u00e4 v\u00e4itteen kanssa, samaa mielt\u00e4 olijoita oli 79 %. Korona-aikana kyselyst\u00e4 ei pysty p\u00e4\u00e4ttelem\u00e4\u00e4n oltaisiinko kilpailu-\/ottelutapahtumia haluttu olevan enemm\u00e4n vai v\u00e4hemm\u00e4n. Lasten harjoituksia pidettiin monipuolisina (4,77), lapsen muihin harrastuksiin koettiin suhtauduttavan positiivisesti (4,88). Lapset viihtyiv\u00e4t hyvin omassa harjoitusryhm\u00e4ss\u00e4n (4,78). Lasten koettiin l\u00e4htev\u00e4n innostuneesti harjoituksiin (4,67) ja my\u00f6s palaavan harjoituksista kotiin innoissaan kokemastaan (4,59). Omatoimisessa lajin harjoittamisessa oli suurta hajontaa, mik\u00e4 n\u00e4kyy my\u00f6s matalampana keskiarvona (3,83). Vanhemmat kokivat ett\u00e4 heit\u00e4 kuunnellaan riitt\u00e4v\u00e4sti lasta koskevista p\u00e4\u00e4t\u00f6ksist\u00e4 (4,56).<\/p>\n\n\n\n<figure class=\"wp-block-image size-large\"><a href=\"https:\/\/karjalantennis.fi\/wordpress\/wp-content\/uploads\/2021\/05\/image.png\"><img fetchpriority=\"high\" decoding=\"async\" width=\"856\" height=\"625\" src=\"https:\/\/karjalantennis.fi\/wordpress\/wp-content\/uploads\/2021\/05\/image.png\" alt=\"\" class=\"wp-image-4336\" srcset=\"https:\/\/karjalantennis.fi\/wordpress\/wp-content\/uploads\/2021\/05\/image.png 856w, https:\/\/karjalantennis.fi\/wordpress\/wp-content\/uploads\/2021\/05\/image-300x219.png 300w, https:\/\/karjalantennis.fi\/wordpress\/wp-content\/uploads\/2021\/05\/image-768x561.png 768w\" sizes=\"(max-width: 856px) 100vw, 856px\" \/><\/a><\/figure>\n\n\n\n<figure class=\"wp-block-image size-large\"><a href=\"https:\/\/karjalantennis.fi\/wordpress\/wp-content\/uploads\/2021\/05\/image-1.png\"><img decoding=\"async\" width=\"837\" height=\"570\" src=\"https:\/\/karjalantennis.fi\/wordpress\/wp-content\/uploads\/2021\/05\/image-1.png\" alt=\"\" class=\"wp-image-4337\" srcset=\"https:\/\/karjalantennis.fi\/wordpress\/wp-content\/uploads\/2021\/05\/image-1.png 837w, https:\/\/karjalantennis.fi\/wordpress\/wp-content\/uploads\/2021\/05\/image-1-300x204.png 300w, https:\/\/karjalantennis.fi\/wordpress\/wp-content\/uploads\/2021\/05\/image-1-768x523.png 768w\" sizes=\"(max-width: 837px) 100vw, 837px\" \/><\/a><\/figure>\n\n\n\n<figure class=\"wp-block-image size-large\"><a href=\"https:\/\/karjalantennis.fi\/wordpress\/wp-content\/uploads\/2021\/05\/image-2.png\"><img decoding=\"async\" width=\"839\" height=\"590\" src=\"https:\/\/karjalantennis.fi\/wordpress\/wp-content\/uploads\/2021\/05\/image-2.png\" alt=\"\" class=\"wp-image-4340\" srcset=\"https:\/\/karjalantennis.fi\/wordpress\/wp-content\/uploads\/2021\/05\/image-2.png 839w, https:\/\/karjalantennis.fi\/wordpress\/wp-content\/uploads\/2021\/05\/image-2-300x211.png 300w, https:\/\/karjalantennis.fi\/wordpress\/wp-content\/uploads\/2021\/05\/image-2-768x540.png 768w\" sizes=\"(max-width: 839px) 100vw, 839px\" \/><\/a><\/figure>\n\n\n\n<figure class=\"wp-block-image size-large\"><a href=\"https:\/\/karjalantennis.fi\/wordpress\/wp-content\/uploads\/2021\/05\/image-3.png\"><img loading=\"lazy\" decoding=\"async\" width=\"829\" height=\"590\" src=\"https:\/\/karjalantennis.fi\/wordpress\/wp-content\/uploads\/2021\/05\/image-3.png\" alt=\"\" class=\"wp-image-4342\" srcset=\"https:\/\/karjalantennis.fi\/wordpress\/wp-content\/uploads\/2021\/05\/image-3.png 829w, https:\/\/karjalantennis.fi\/wordpress\/wp-content\/uploads\/2021\/05\/image-3-300x214.png 300w, https:\/\/karjalantennis.fi\/wordpress\/wp-content\/uploads\/2021\/05\/image-3-768x547.png 768w\" sizes=\"(max-width: 829px) 100vw, 829px\" \/><\/a><\/figure>\n","protected":false},"excerpt":{"rendered":"<p>Auditointiin liittyen KarTe toteutti palautekyselyn vanhemmille ja junioreille maaliskuussa 2021. Vastauksia tuli kaikkiaan 27 kpl, ja ohessa muutamia keskeisi\u00e4 huomioita palautteesta. KarTen T\u00e4htiseura-statuksen tiesi kaksi vastaajaa kolmesta (65 %). Kyselyn vastausasteikko oli 1= t\u00e4ysin eri mielt\u00e4 ja 5= t\u00e4ysin samaa mielt\u00e4. Kokonaisuutena ottaen vastaajat olivat eritt\u00e4in tyytyv\u00e4isi\u00e4 oman lapsen ryhm\u00e4n toimintaan (keskiarvo 4,85), valmentajien koettiin&#8230;<\/p>\n","protected":false},"author":2,"featured_media":0,"parent":0,"menu_order":0,"comment_status":"closed","ping_status":"closed","template":"","meta":{"_kad_post_transparent":"","_kad_post_title":"","_kad_post_layout":"","_kad_post_sidebar_id":"","_kad_post_content_style":"","_kad_post_vertical_padding":"","_kad_post_feature":"","_kad_post_feature_position":"","_kad_post_header":false,"_kad_post_footer":false,"_kad_post_classname":"","footnotes":""},"class_list":["post-4335","page","type-page","status-publish","hentry"],"_links":{"self":[{"href":"https:\/\/karjalantennis.fi\/wordpress\/wp-json\/wp\/v2\/pages\/4335","targetHints":{"allow":["GET"]}}],"collection":[{"href":"https:\/\/karjalantennis.fi\/wordpress\/wp-json\/wp\/v2\/pages"}],"about":[{"href":"https:\/\/karjalantennis.fi\/wordpress\/wp-json\/wp\/v2\/types\/page"}],"author":[{"embeddable":true,"href":"https:\/\/karjalantennis.fi\/wordpress\/wp-json\/wp\/v2\/users\/2"}],"replies":[{"embeddable":true,"href":"https:\/\/karjalantennis.fi\/wordpress\/wp-json\/wp\/v2\/comments?post=4335"}],"version-history":[{"count":3,"href":"https:\/\/karjalantennis.fi\/wordpress\/wp-json\/wp\/v2\/pages\/4335\/revisions"}],"predecessor-version":[{"id":4689,"href":"https:\/\/karjalantennis.fi\/wordpress\/wp-json\/wp\/v2\/pages\/4335\/revisions\/4689"}],"wp:attachment":[{"href":"https:\/\/karjalantennis.fi\/wordpress\/wp-json\/wp\/v2\/media?parent=4335"}],"curies":[{"name":"wp","href":"https:\/\/api.w.org\/{rel}","templated":true}]}}