{"id":5891,"date":"2023-05-05T12:43:55","date_gmt":"2023-05-05T09:43:55","guid":{"rendered":"https:\/\/karjalantennis.fi\/wordpress\/?page_id=5891"},"modified":"2023-05-24T12:57:00","modified_gmt":"2023-05-24T09:57:00","slug":"kesan-infokirje-harjoitusajat-ajalle-5-6-7-7-ja-31-7-8-8","status":"publish","type":"page","link":"https:\/\/karjalantennis.fi\/wordpress\/kesan-infokirje-harjoitusajat-ajalle-5-6-7-7-ja-31-7-8-8\/","title":{"rendered":"Kes\u00e4n infokirje + harjoitusajat ajalle 5.6.-7.7. ja 31.7.-8.8."},"content":{"rendered":"<p>Kes\u00e4ll\u00e4 harjoituksia on 9 viikon ajan.\u00a05.6.-7.7. ja 31.7.-25.8. (vkot 23,24,25,26,27 ja 31,32,33,34)<br \/>\n10.7.-30.7. on kaikilla ryhmill\u00e4 harjoitustauko.<br \/>\nValittavana on joko 4-6 vkon paketti tai 7-9 vkon paketti.<br \/>\nSamalla kun ilmoitat kumman valmennuspaketin valitset, ilmoita viikot milloin osallistut harjoituksiin.<br \/>\nInfon lopusta l\u00f6ytyy pelaajien tasot ja harjoitusajat sek\u00e4 valmennuspakettien hinnat.<br \/>\nSateella harjoitukset ovat tennishallissa.<br \/>\nKes\u00e4kauden harjoituksiin osallistuvilla on oikeus k\u00e4ytt\u00e4\u00e4 vapaita ulkokentti\u00e4 ilman varausta ilmaiseksi. Lis\u00e4tiedot valmentajilta.<\/p>\n<p><strong>Ilmoita s\u00e4hk\u00f6postilla osoitteeseen jasujaska@hotmail.com 18.5. menness\u00e4<\/strong> kumman valmennuspaketin valitset ja min\u00e4 viikkoina olet harjoituksissa paikalla. Ilmoita my\u00f6s jos et jostain syyst\u00e4 pysty harjoittelemaan kes\u00e4ll\u00e4.<\/p>\n<p>Alla kes\u00e4n 2023 harjoitustasot, harjoitusajat 5.6.-7.7. &amp; 31.7.-8.8. v\u00e4lille sek\u00e4 valmennuspakettien hinnat.<br \/>\n9.-25.8. on eri harjoitusajat, jotka l\u00f6ytyv\u00e4t my\u00f6hemmin KarTen nettisivuilta valmennus-v\u00e4lilehdelt\u00e4.<br \/>\nTietoturvallisuussyist\u00e4 pelaajat l\u00f6ytyv\u00e4t etunimell\u00e4 ja sukunimen ensimm\u00e4isell\u00e4 kirjaimella. Jos nime\u00e4si ei l\u00f6ydy listasta, ota yhteys Jasuun (050\/3391321)<\/p>\n<p><b>Punainen harrastus<br \/>\n1h\/vko, 4-6vkoa = 60\u20ac, 7-9vkoa = 80\u20ac<br \/>\nTiistai 16.30-17.30<\/b><\/p>\n<p>Eevi M<br \/>\nMea K<br \/>\nPeetu V<br \/>\nAlma K<br \/>\nSofia K<br \/>\nAdalia H<br \/>\nNella A<br \/>\nViljo L<br \/>\nSamuel K<br \/>\nLeon M<br \/>\nEemil L<br \/>\nSandra R<br \/>\nMette L<br \/>\nPauli K<br \/>\nJohannes K<br \/>\nEmma M<br \/>\nEeva G<br \/>\nMaria D<\/p>\n<p><b>Oranssi harrastus<br \/>\n2h\/vko, 4-6vkoa = 120\u20ac, 7-9vkoa = 160\u20ac<br \/>\nKeskiviikko 14-15, Torstai 14.30-15.30<\/b><\/p>\n<p>Ella K<br \/>\nVilma T<br \/>\nKiira S<br \/>\nAleksi K<br \/>\nAnton K<br \/>\nTopias K<br \/>\nOliver S<br \/>\nOnneli H<br \/>\nEvert S<br \/>\nKonsta K<br \/>\nPetrus K<br \/>\nJooa K<br \/>\nAatos W<\/p>\n<p><b>Keltainen harrastus A<br \/>\n<\/b><b>2h\/vko, 4-6vkoa = 120\u20ac, 7-9vkoa = 160\u20ac<br \/>\nTiistai 13-14, Torstai 13.30-14.30<\/b><\/p>\n<p>Vilho F<br \/>\nOtso M<br \/>\nAaro L<br \/>\nAkseli M<br \/>\nMikael T<br \/>\nMatti P<br \/>\nVenla K<br \/>\nLilja I<br \/>\nVilma S<br \/>\nJenny R<br \/>\nLilja H<br \/>\nMiia T<br \/>\nIida P<br \/>\nAino L<br \/>\nLotta P<br \/>\nWenla M<br \/>\nVilhelmiina M<\/p>\n<p><b>Keltainen harrastus B<br \/>\n2h\/vko, 4-6vkoa = 120\u20ac, 7-9vkoa = 160\u20ac<br \/>\nTiistai 13-14, Keskiviikko 13-14<\/b><\/p>\n<p>Elmeri K<br \/>\nValtteri H<br \/>\nAku K<br \/>\nVeeti K<br \/>\nOnni H<br \/>\nLiisa H<br \/>\nKristian H<br \/>\nJanne K<br \/>\nSamuel S<br \/>\nEeli H<br \/>\nAlina H<br \/>\nAlina T<br \/>\nVilhelmiina P<br \/>\nMaria M<br \/>\nRenne H<br \/>\nPyry T<br \/>\nVeikka B<br \/>\nPietari V<br \/>\nKatarina P<br \/>\nSatu S<\/p>\n<p><b>Oranssi kilpa<br \/>\n<\/b><b>6h\/vko, 4-6vko = 360\u20ac, 7-9vkoa = 480\u20ac<br \/>\nMaanantai 13-14.30, Tiistai 10-11.30,\u00a0Keskiviikko 10-11.30, Torstai 10-11.30<\/b><\/p>\n<p>Tuomas K<br \/>\nEmil V<br \/>\nAapo S<br \/>\nOiva S<br \/>\nJesse J<br \/>\nPaavo L<br \/>\nElias T<\/p>\n<p><b>Vihre\u00e4 kilpa<br \/>\n6h\/vko, 4-6vko = 360\u20ac, 7-9vkoa = 480\u20ac<br \/>\nMaanantai 13-14.30, Tiistai 10-11.30,\u00a0Keskiviikko 10-11.30, Torstai 10-11.30<\/b><\/p>\n<p>Veikka K<br \/>\nKasper K<br \/>\nManu M<br \/>\nLuukas M<br \/>\nIina S<br \/>\nLauri K<\/p>\n<p><b>Keltainen kilpa 11-13<br \/>\n6h\/vko, 7-9vkoa = 420\u20ac<br \/>\n<\/b><b>Maanantai 13-14.30, Tiistai 10-11.30,\u00a0Keskiviikko 10-11.30, Torstai 10-11.30<\/b><\/p>\n<p>Emma S<br \/>\nSofia K<br \/>\nVilja P<br \/>\nKasper H<\/p>\n<p><b>Keltainen kilpa 13-18<br \/>\nKeskim\u00e4\u00e4rin 9h\/vko, 7-9vkoa = 630\u20ac<br \/>\nMaanantai 14.30-16.30, Tiistai 11.30-13, 15-16.30,\u00a0Keskiviikko 11.30-13, 15-16.30, Torstai 11.30-13.30<\/b><\/p>\n<p>Jesse S<br \/>\nEetu S<br \/>\nJoel V<br \/>\nNiilo P<br \/>\nLassi L<br \/>\nLeevi L<br \/>\nVisa B<br \/>\nPaavo K<br \/>\nMeri H<br \/>\nLenni L<br \/>\nMiko P<br \/>\nEelis R<br \/>\nArttu R<br \/>\nVeikko S<\/p>\n","protected":false},"excerpt":{"rendered":"<p>Kes\u00e4ll\u00e4 harjoituksia on 9 viikon ajan.\u00a05.6.-7.7. ja 31.7.-25.8. (vkot 23,24,25,26,27 ja 31,32,33,34) 10.7.-30.7. on kaikilla ryhmill\u00e4 harjoitustauko. Valittavana on joko 4-6 vkon paketti tai 7-9 vkon paketti. Samalla kun ilmoitat kumman valmennuspaketin valitset, ilmoita viikot milloin osallistut harjoituksiin. Infon lopusta l\u00f6ytyy pelaajien tasot ja harjoitusajat sek\u00e4 valmennuspakettien hinnat. Sateella harjoitukset ovat tennishallissa. Kes\u00e4kauden harjoituksiin osallistuvilla&#8230;<\/p>\n","protected":false},"author":8,"featured_media":0,"parent":0,"menu_order":0,"comment_status":"closed","ping_status":"closed","template":"","meta":{"_kad_post_transparent":"","_kad_post_title":"","_kad_post_layout":"","_kad_post_sidebar_id":"","_kad_post_content_style":"","_kad_post_vertical_padding":"","_kad_post_feature":"","_kad_post_feature_position":"","_kad_post_header":false,"_kad_post_footer":false,"_kad_post_classname":"","footnotes":""},"class_list":["post-5891","page","type-page","status-publish","hentry"],"_links":{"self":[{"href":"https:\/\/karjalantennis.fi\/wordpress\/wp-json\/wp\/v2\/pages\/5891","targetHints":{"allow":["GET"]}}],"collection":[{"href":"https:\/\/karjalantennis.fi\/wordpress\/wp-json\/wp\/v2\/pages"}],"about":[{"href":"https:\/\/karjalantennis.fi\/wordpress\/wp-json\/wp\/v2\/types\/page"}],"author":[{"embeddable":true,"href":"https:\/\/karjalantennis.fi\/wordpress\/wp-json\/wp\/v2\/users\/8"}],"replies":[{"embeddable":true,"href":"https:\/\/karjalantennis.fi\/wordpress\/wp-json\/wp\/v2\/comments?post=5891"}],"version-history":[{"count":4,"href":"https:\/\/karjalantennis.fi\/wordpress\/wp-json\/wp\/v2\/pages\/5891\/revisions"}],"predecessor-version":[{"id":5935,"href":"https:\/\/karjalantennis.fi\/wordpress\/wp-json\/wp\/v2\/pages\/5891\/revisions\/5935"}],"wp:attachment":[{"href":"https:\/\/karjalantennis.fi\/wordpress\/wp-json\/wp\/v2\/media?parent=5891"}],"curies":[{"name":"wp","href":"https:\/\/api.w.org\/{rel}","templated":true}]}}