{"id":60,"date":"2015-01-31T12:23:52","date_gmt":"2015-01-31T12:23:52","guid":{"rendered":"http:\/\/karjalantennis.fi\/wordpress\/?page_id=60"},"modified":"2026-01-11T18:21:10","modified_gmt":"2026-01-11T16:21:10","slug":"harrastetennis","status":"publish","type":"page","link":"https:\/\/karjalantennis.fi\/wordpress\/harrastetennis\/","title":{"rendered":"Harrastetennis"},"content":{"rendered":"\t\t<div data-elementor-type=\"wp-page\" data-elementor-id=\"60\" class=\"elementor elementor-60\">\n\t\t\t\t<div class=\"elementor-element elementor-element-906d5a6 e-flex e-con-boxed e-con e-parent\" data-id=\"906d5a6\" data-element_type=\"container\" data-e-type=\"container\">\n\t\t\t\t\t<div class=\"e-con-inner\">\n\t\t\t\t<div class=\"elementor-element elementor-element-616653d elementor-widget elementor-widget-heading\" data-id=\"616653d\" data-element_type=\"widget\" data-e-type=\"widget\" data-widget_type=\"heading.default\">\n\t\t\t\t<div class=\"elementor-widget-container\">\n\t\t\t\t\t<h2 class=\"elementor-heading-title elementor-size-default\">Harrastetennis<\/h2>\t\t\t\t<\/div>\n\t\t\t\t<\/div>\n\t\t\t\t\t<\/div>\n\t\t\t\t<\/div>\n\t\t<div class=\"elementor-element elementor-element-245a0cab e-flex e-con-boxed e-con e-parent\" data-id=\"245a0cab\" data-element_type=\"container\" data-e-type=\"container\">\n\t\t\t\t\t<div class=\"e-con-inner\">\n\t\t\t\t<div class=\"elementor-element elementor-element-10b2e08a elementor-widget elementor-widget-text-editor\" data-id=\"10b2e08a\" data-element_type=\"widget\" data-e-type=\"widget\" data-widget_type=\"text-editor.default\">\n\t\t\t\t<div class=\"elementor-widget-container\">\n\t\t\t\t\t\t\t\t\t<p class=\"has-medium-font-size\">Joensuussa on hyv\u00e4t mahdollisuut tenniksen harrastamiseen olitpa sitten lapsi, nuori, aikuinen tai jo varttuneemman i\u00e4n saavuttanut. Suurin osa seuran valmennuksessa olevista on harrastepelaajia, jotka eiv\u00e4t t\u00e4ht\u00e4\u00e4 kilpauralle. Tennis on yksi harvoista urheilulajeista, jota voidaan harrastaa vuosikymmenten ajan. Ammattitaitoisten valmentajien opastuksen my\u00f6t\u00e4 saatu tekninen taito s\u00e4ilyy ja n\u00e4in tenniksest\u00e4 saadaan elinik\u00e4inen harrastus.<\/p>\n<p><!-- \/wp:paragraph --><\/p>\n<p><!-- wp:paragraph {\"fontSize\":\"medium\"} --><\/p>\n<p class=\"has-medium-font-size\">Muutaman viime vuoden aikana olemme oman hallin my\u00f6t\u00e4 pystyneet panostamaan hieman enemm\u00e4n my\u00f6s aikuisvalmennukseen, josta p\u00e4\u00e4vastuun kantaa <strong>Sami Korhonen<\/strong>.<\/p>\n<p><!-- \/wp:paragraph --><\/p>\n<p><!-- wp:paragraph {\"fontSize\":\"medium\"} --><\/p>\n<p class=\"has-medium-font-size\">T\u00e4ll\u00e4 hetkell\u00e4 viikottaiset aikuisvalmennusryhm\u00e4mme ovat t\u00e4ynn\u00e4.<br \/><span style=\"font-size: 20px;\"><br \/>Arkisin aamup\u00e4iv\u00e4aikaan (klo 9.30-11.30 v\u00e4lill\u00e4) on mahdollista varata yksityistunteja.<\/span><\/p>\n<p><!-- \/wp:paragraph --><\/p>\n<p><!-- wp:paragraph {\"fontSize\":\"medium\"} --><\/p>\n<p class=\"has-medium-font-size\">Ota yhteys Samiin, jos olet kiinnostunut aikuisvalmennuksesta (041 469 59 85)<br \/>\u00a0<a href=\"mailto:aikuisvalmennus@karjalantennis.fi\">aikuisvalmennus@karjalantennis.fi<\/a>\u00a0.<\/p>\n<p><!-- \/wp:paragraph --><\/p>\n<p><!-- wp:paragraph {\"fontSize\":\"medium\"} --><\/p>\n<p class=\"has-medium-font-size\">J\u00e4rjest\u00e4mme vuosittain erilaisia tapahtumia ja pelip\u00e4ivi\u00e4, joissa harrastajat voivat pelata kesken\u00e4\u00e4n. Toki kannustamme harrastajia osallistumaan my\u00f6s omiin kisoihimme, mutta tenniksen tulee olla ennen kaikkea hauskaa, joten pakkoa kilpailemiseen ei ole.<\/p>\n<p><a href=\"https:\/\/karjalantennis.fi\/wordpress\/etsin-pelikaveria-osio\/\">Ilmoitus, Etsin pelikaveria -osioon.<\/a><\/p>\n<p><!-- \/wp:paragraph --><\/p>\t\t\t\t\t\t\t\t<\/div>\n\t\t\t\t<\/div>\n\t\t\t\t\t<\/div>\n\t\t\t\t<\/div>\n\t\t\t\t<\/div>\n\t\t","protected":false},"excerpt":{"rendered":"<p>Harrastetennis Joensuussa on hyv\u00e4t mahdollisuut tenniksen harrastamiseen olitpa sitten lapsi, nuori, aikuinen tai jo varttuneemman i\u00e4n saavuttanut. Suurin osa seuran valmennuksessa olevista on harrastepelaajia, jotka eiv\u00e4t t\u00e4ht\u00e4\u00e4 kilpauralle. Tennis on yksi harvoista urheilulajeista, jota voidaan harrastaa vuosikymmenten ajan. Ammattitaitoisten valmentajien opastuksen my\u00f6t\u00e4 saatu tekninen taito s\u00e4ilyy ja n\u00e4in tenniksest\u00e4 saadaan elinik\u00e4inen harrastus. Muutaman viime vuoden&#8230;<\/p>\n","protected":false},"author":2,"featured_media":0,"parent":0,"menu_order":0,"comment_status":"closed","ping_status":"closed","template":"","meta":{"_kad_post_transparent":"","_kad_post_title":"","_kad_post_layout":"","_kad_post_sidebar_id":"","_kad_post_content_style":"","_kad_post_vertical_padding":"","_kad_post_feature":"","_kad_post_feature_position":"","_kad_post_header":false,"_kad_post_footer":false,"_kad_post_classname":"","footnotes":""},"class_list":["post-60","page","type-page","status-publish","hentry"],"_links":{"self":[{"href":"https:\/\/karjalantennis.fi\/wordpress\/wp-json\/wp\/v2\/pages\/60","targetHints":{"allow":["GET"]}}],"collection":[{"href":"https:\/\/karjalantennis.fi\/wordpress\/wp-json\/wp\/v2\/pages"}],"about":[{"href":"https:\/\/karjalantennis.fi\/wordpress\/wp-json\/wp\/v2\/types\/page"}],"author":[{"embeddable":true,"href":"https:\/\/karjalantennis.fi\/wordpress\/wp-json\/wp\/v2\/users\/2"}],"replies":[{"embeddable":true,"href":"https:\/\/karjalantennis.fi\/wordpress\/wp-json\/wp\/v2\/comments?post=60"}],"version-history":[{"count":24,"href":"https:\/\/karjalantennis.fi\/wordpress\/wp-json\/wp\/v2\/pages\/60\/revisions"}],"predecessor-version":[{"id":9292,"href":"https:\/\/karjalantennis.fi\/wordpress\/wp-json\/wp\/v2\/pages\/60\/revisions\/9292"}],"wp:attachment":[{"href":"https:\/\/karjalantennis.fi\/wordpress\/wp-json\/wp\/v2\/media?parent=60"}],"curies":[{"name":"wp","href":"https:\/\/api.w.org\/{rel}","templated":true}]}}