{"id":6239,"date":"2024-03-19T15:43:54","date_gmt":"2024-03-19T13:43:54","guid":{"rendered":"https:\/\/karjalantennis.fi\/wordpress\/?page_id=6239"},"modified":"2025-12-19T15:15:29","modified_gmt":"2025-12-19T13:15:29","slug":"seura","status":"publish","type":"page","link":"https:\/\/karjalantennis.fi\/wordpress\/seura\/","title":{"rendered":"Seura"},"content":{"rendered":"\t\t<div data-elementor-type=\"wp-page\" data-elementor-id=\"6239\" class=\"elementor elementor-6239\">\n\t\t\t\t<div class=\"elementor-element elementor-element-51649f3 e-flex e-con-boxed e-con e-parent\" data-id=\"51649f3\" data-element_type=\"container\" data-e-type=\"container\">\n\t\t\t\t\t<div class=\"e-con-inner\">\n\t\t\t\t<div class=\"elementor-element elementor-element-afce45e elementor-widget elementor-widget-heading\" data-id=\"afce45e\" data-element_type=\"widget\" data-e-type=\"widget\" data-widget_type=\"heading.default\">\n\t\t\t\t<div class=\"elementor-widget-container\">\n\t\t\t\t\t<h2 class=\"elementor-heading-title elementor-size-default\">Info<\/h2>\t\t\t\t<\/div>\n\t\t\t\t<\/div>\n\t\t\t\t\t<\/div>\n\t\t\t\t<\/div>\n\t\t<div class=\"elementor-element elementor-element-59caf9f e-grid e-con-boxed e-con e-parent\" data-id=\"59caf9f\" data-element_type=\"container\" data-e-type=\"container\">\n\t\t\t\t\t<div class=\"e-con-inner\">\n\t\t\t\t<div class=\"elementor-element elementor-element-34b2d80 elementor-widget__width-initial elementor-widget elementor-widget-text-editor\" data-id=\"34b2d80\" data-element_type=\"widget\" data-e-type=\"widget\" data-widget_type=\"text-editor.default\">\n\t\t\t\t<div class=\"elementor-widget-container\">\n\t\t\t\t\t\t\t\t\t<p>Karjalan Tennis (KarTe) on Joensuussa toimiva tenniksen erikoisseura, joka on perustettu marraskuussa vuonna 1976. Seuran toiminta k\u00e4ynnistyi seuraavana vuonna. Toiminnan tavoite on m\u00e4\u00e4ritelty seuraavasti: \u201dKarjalan Tennis pyrkii Pohjois-Karjalan johtavana tenniksen erikoisseurana valtakunnallisesti merkitt\u00e4v\u00e4\u00e4n kasvatusty\u00f6h\u00f6n kilpa- ja harrastajatenniksen alueilla.\u201d<\/p>\t\t\t\t\t\t\t\t<\/div>\n\t\t\t\t<\/div>\n\t\t\t\t<div class=\"elementor-element elementor-element-5cce396 elementor-widget elementor-widget-image\" data-id=\"5cce396\" data-element_type=\"widget\" data-e-type=\"widget\" data-widget_type=\"image.default\">\n\t\t\t\t<div class=\"elementor-widget-container\">\n\t\t\t\t\t\t\t\t\t\t\t\t\t\t\t<img fetchpriority=\"high\" decoding=\"async\" width=\"283\" height=\"300\" src=\"https:\/\/karjalantennis.fi\/wordpress\/wp-content\/uploads\/2015\/01\/KARTE_logo_vari_rgb-283x300.jpg\" class=\"attachment-medium size-medium wp-image-10\" alt=\"\" srcset=\"https:\/\/karjalantennis.fi\/wordpress\/wp-content\/uploads\/2015\/01\/KARTE_logo_vari_rgb-283x300.jpg 283w, https:\/\/karjalantennis.fi\/wordpress\/wp-content\/uploads\/2015\/01\/KARTE_logo_vari_rgb-966x1024.jpg 966w, https:\/\/karjalantennis.fi\/wordpress\/wp-content\/uploads\/2015\/01\/elementor\/thumbs\/KARTE_logo_vari_rgb-e1422727843357-p9ivi1mu5dli68u21f3uo1qom68l91qjsmqk99uop4.jpg 170w, https:\/\/karjalantennis.fi\/wordpress\/wp-content\/uploads\/2015\/01\/KARTE_logo_vari_rgb-e1422727843357.jpg 330w\" sizes=\"(max-width: 283px) 100vw, 283px\" \/>\t\t\t\t\t\t\t\t\t\t\t\t\t\t\t<\/div>\n\t\t\t\t<\/div>\n\t\t\t\t\t<\/div>\n\t\t\t\t<\/div>\n\t\t<div class=\"elementor-element elementor-element-42e2f543 e-flex e-con-boxed e-con e-parent\" data-id=\"42e2f543\" data-element_type=\"container\" data-e-type=\"container\">\n\t\t\t\t\t<div class=\"e-con-inner\">\n\t\t\t\t<div class=\"elementor-element elementor-element-777f97da elementor-widget elementor-widget-text-editor\" data-id=\"777f97da\" data-element_type=\"widget\" data-e-type=\"widget\" data-widget_type=\"text-editor.default\">\n\t\t\t\t<div class=\"elementor-widget-container\">\n\t\t\t\t\t\t\t\t\t<p>Perustamisvaiheessa seura liittyi Ty\u00f6v\u00e4en Urheiluliittoon ja oli varsinaisesti ensimm\u00e4inen TUL:n tennisseura. Uuden keskusj\u00e4rjest\u00f6n (SLU) perustamisen j\u00e4lkeen KarTe erosi TUL:n j\u00e4senyydest\u00e4. Samoihin aikoihin sijoittui my\u00f6s Karjalan Tenniksen ja lajin toisen erikoisseuran Joensuun Tennisseuran toimintojen yhdistyminen. Yhdistymisen j\u00e4lkeen sek\u00e4 harrastaja- ett\u00e4 kilpailutoiminta keskittyi Karjalan Tenniksen organisaatioon.<\/p><p>Nyky\u00e4\u00e4n Karjalan Tennis on vire\u00e4 ja aktiivinen toimija. Seuran viime vuosien suurin ponnistus oli oman tennishallin rakentaminen. Halli valmistui 2013 yhteisty\u00f6ss\u00e4 Karelia Golfin kanssa. Suomen Tennisliitto valitsi seuran vuoden Tennisteoksi vuonna 2013, ja Pohjois-Karjalan liikunta valitsi seuran vuoden pohjoiskarjalaiseksi urheiluseuraksi vuonna 2014.<\/p><p>KarTe:n toiminta auditoitiin ensimm\u00e4isen kerran vuonna 2015 ja seura sai oikeuden k\u00e4ytt\u00e4\u00e4 Sinettiseuralogoa. Sinettiseura-toiminnan korvaajaksi tuli Olympiakomitean ja lajiliittojen yhteinen T\u00e4htiseura-toiminta. KarTe osallistui vuonna 2018 T\u00e4htiseuratoimintaan liittyen auditointiin ja saavutti ensimm\u00e4isen\u00e4 suomalaisena tennisseurana T\u00e4htiseura-tunnustuksen lasten ja nuorten sek\u00e4 aikuisten toiminnan osalta 2018. Vuonna 2021 KarTe:n toimintaa arvioitiin sek\u00e4 sis\u00e4isesti ett\u00e4 ulkoisesti. KarTe l\u00e4p\u00e4isi uusinta-auditoinnin lasten ja nuorten sek\u00e4 aikuisten toiminnan osalta ja t\u00e4m\u00e4n lis\u00e4ksi oli ensimm\u00e4inen tennisseura, jonka toiminnan arvioitiin t\u00e4ytt\u00e4v\u00e4n Kilpaseura-toiminnan vaatimukset.<\/p>\t\t\t\t\t\t\t\t<\/div>\n\t\t\t\t<\/div>\n\t\t\t\t\t<\/div>\n\t\t\t\t<\/div>\n\t\t\t\t<\/div>\n\t\t","protected":false},"excerpt":{"rendered":"<p>Info Karjalan Tennis (KarTe) on Joensuussa toimiva tenniksen erikoisseura, joka on perustettu marraskuussa vuonna 1976. Seuran toiminta k\u00e4ynnistyi seuraavana vuonna. Toiminnan tavoite on m\u00e4\u00e4ritelty seuraavasti: \u201dKarjalan Tennis pyrkii Pohjois-Karjalan johtavana tenniksen erikoisseurana valtakunnallisesti merkitt\u00e4v\u00e4\u00e4n kasvatusty\u00f6h\u00f6n kilpa- ja harrastajatenniksen alueilla.\u201d Perustamisvaiheessa seura liittyi Ty\u00f6v\u00e4en Urheiluliittoon ja oli varsinaisesti ensimm\u00e4inen TUL:n tennisseura. Uuden keskusj\u00e4rjest\u00f6n (SLU) perustamisen j\u00e4lkeen&#8230;<\/p>\n","protected":false},"author":101014,"featured_media":0,"parent":0,"menu_order":0,"comment_status":"closed","ping_status":"closed","template":"","meta":{"_kad_post_transparent":"","_kad_post_title":"","_kad_post_layout":"","_kad_post_sidebar_id":"","_kad_post_content_style":"","_kad_post_vertical_padding":"","_kad_post_feature":"","_kad_post_feature_position":"","_kad_post_header":false,"_kad_post_footer":false,"_kad_post_classname":"","footnotes":""},"class_list":["post-6239","page","type-page","status-publish","hentry"],"_links":{"self":[{"href":"https:\/\/karjalantennis.fi\/wordpress\/wp-json\/wp\/v2\/pages\/6239","targetHints":{"allow":["GET"]}}],"collection":[{"href":"https:\/\/karjalantennis.fi\/wordpress\/wp-json\/wp\/v2\/pages"}],"about":[{"href":"https:\/\/karjalantennis.fi\/wordpress\/wp-json\/wp\/v2\/types\/page"}],"author":[{"embeddable":true,"href":"https:\/\/karjalantennis.fi\/wordpress\/wp-json\/wp\/v2\/users\/101014"}],"replies":[{"embeddable":true,"href":"https:\/\/karjalantennis.fi\/wordpress\/wp-json\/wp\/v2\/comments?post=6239"}],"version-history":[{"count":41,"href":"https:\/\/karjalantennis.fi\/wordpress\/wp-json\/wp\/v2\/pages\/6239\/revisions"}],"predecessor-version":[{"id":8810,"href":"https:\/\/karjalantennis.fi\/wordpress\/wp-json\/wp\/v2\/pages\/6239\/revisions\/8810"}],"wp:attachment":[{"href":"https:\/\/karjalantennis.fi\/wordpress\/wp-json\/wp\/v2\/media?parent=6239"}],"curies":[{"name":"wp","href":"https:\/\/api.w.org\/{rel}","templated":true}]}}