{"id":7536,"date":"2025-11-15T13:12:00","date_gmt":"2025-11-15T11:12:00","guid":{"rendered":"https:\/\/karjalantennis.fi\/wordpress\/?page_id=7536"},"modified":"2026-02-17T16:25:03","modified_gmt":"2026-02-17T14:25:03","slug":"tapahtumatetusivu","status":"publish","type":"page","link":"https:\/\/karjalantennis.fi\/wordpress\/","title":{"rendered":"ETUSIVU"},"content":{"rendered":"\t\t<div data-elementor-type=\"wp-page\" data-elementor-id=\"7536\" class=\"elementor elementor-7536\">\n\t\t\t\t<div class=\"elementor-element elementor-element-0a1074d e-grid e-con-full e-con e-parent\" data-id=\"0a1074d\" data-element_type=\"container\" data-e-type=\"container\">\n\t\t\t\t<div class=\"elementor-element elementor-element-d7661fa elementor-widget elementor-widget-image\" data-id=\"d7661fa\" data-element_type=\"widget\" data-e-type=\"widget\" data-widget_type=\"image.default\">\n\t\t\t\t<div class=\"elementor-widget-container\">\n\t\t\t\t\t\t\t\t\t\t\t\t\t\t\t<img fetchpriority=\"high\" decoding=\"async\" width=\"1024\" height=\"628\" src=\"https:\/\/karjalantennis.fi\/wordpress\/wp-content\/uploads\/2026\/02\/peteJaTeemuIso-Medium.jpeg\" class=\"attachment-large size-large wp-image-9886\" alt=\"\" srcset=\"https:\/\/karjalantennis.fi\/wordpress\/wp-content\/uploads\/2026\/02\/peteJaTeemuIso-Medium.jpeg 1024w, https:\/\/karjalantennis.fi\/wordpress\/wp-content\/uploads\/2026\/02\/peteJaTeemuIso-Medium-300x184.jpeg 300w, https:\/\/karjalantennis.fi\/wordpress\/wp-content\/uploads\/2026\/02\/peteJaTeemuIso-Medium-768x471.jpeg 768w\" sizes=\"(max-width: 1024px) 100vw, 1024px\" \/>\t\t\t\t\t\t\t\t\t\t\t\t\t\t\t<\/div>\n\t\t\t\t<\/div>\n\t\t\t\t<div class=\"elementor-element elementor-element-5ef6d30 elementor-widget elementor-widget-image\" data-id=\"5ef6d30\" data-element_type=\"widget\" data-e-type=\"widget\" data-widget_type=\"image.default\">\n\t\t\t\t<div class=\"elementor-widget-container\">\n\t\t\t\t\t\t\t\t\t\t\t\t\t\t\t<img decoding=\"async\" width=\"1024\" height=\"628\" src=\"https:\/\/karjalantennis.fi\/wordpress\/wp-content\/uploads\/2026\/02\/ulkokentat.jpg\" class=\"attachment-large size-large wp-image-9747\" alt=\"\" srcset=\"https:\/\/karjalantennis.fi\/wordpress\/wp-content\/uploads\/2026\/02\/ulkokentat.jpg 1024w, https:\/\/karjalantennis.fi\/wordpress\/wp-content\/uploads\/2026\/02\/ulkokentat-300x184.jpg 300w, https:\/\/karjalantennis.fi\/wordpress\/wp-content\/uploads\/2026\/02\/ulkokentat-768x471.jpg 768w\" sizes=\"(max-width: 1024px) 100vw, 1024px\" \/>\t\t\t\t\t\t\t\t\t\t\t\t\t\t\t<\/div>\n\t\t\t\t<\/div>\n\t\t\t\t<\/div>\n\t\t<div class=\"elementor-element elementor-element-47bf1f0 e-flex e-con-boxed e-con e-parent\" data-id=\"47bf1f0\" data-element_type=\"container\" data-e-type=\"container\">\n\t\t\t\t\t<div class=\"e-con-inner\">\n\t\t\t\t<div class=\"elementor-element elementor-element-34ff10c elementor-widget elementor-widget-spacer\" data-id=\"34ff10c\" data-element_type=\"widget\" data-e-type=\"widget\" data-widget_type=\"spacer.default\">\n\t\t\t\t<div class=\"elementor-widget-container\">\n\t\t\t\t\t\t\t<div class=\"elementor-spacer\">\n\t\t\t<div class=\"elementor-spacer-inner\"><\/div>\n\t\t<\/div>\n\t\t\t\t\t\t<\/div>\n\t\t\t\t<\/div>\n\t\t\t\t\t<\/div>\n\t\t\t\t<\/div>\n\t\t<div class=\"elementor-element elementor-element-9c97797 e-flex e-con-boxed e-con e-parent\" data-id=\"9c97797\" data-element_type=\"container\" data-e-type=\"container\">\n\t\t\t\t\t<div class=\"e-con-inner\">\n\t\t\t\t<div class=\"elementor-element elementor-element-c9ab8bc elementor-button-danger elementor-align-center elementor-widget elementor-widget-button\" data-id=\"c9ab8bc\" data-element_type=\"widget\" data-e-type=\"widget\" data-widget_type=\"button.default\">\n\t\t\t\t<div class=\"elementor-widget-container\">\n\t\t\t\t\t\t\t\t\t<div class=\"elementor-button-wrapper\">\n\t\t\t\t\t<a class=\"elementor-button elementor-button-link elementor-size-sm\" href=\"https:\/\/varaaheti.fi\/karte\">\n\t\t\t\t\t\t<span class=\"elementor-button-content-wrapper\">\n\t\t\t\t\t\t\t\t\t<span class=\"elementor-button-text\">VARAA KENT\u00c4T T\u00c4ST\u00c4<\/span>\n\t\t\t\t\t<\/span>\n\t\t\t\t\t<\/a>\n\t\t\t\t<\/div>\n\t\t\t\t\t\t\t\t<\/div>\n\t\t\t\t<\/div>\n\t\t\t\t\t<\/div>\n\t\t\t\t<\/div>\n\t\t<div class=\"elementor-element elementor-element-04e3067 e-flex e-con-boxed e-con e-parent\" data-id=\"04e3067\" data-element_type=\"container\" data-e-type=\"container\">\n\t\t\t\t\t<div class=\"e-con-inner\">\n\t\t\t\t<div class=\"elementor-element elementor-element-58391ae elementor-widget-divider--view-line elementor-widget elementor-widget-divider\" data-id=\"58391ae\" data-element_type=\"widget\" data-e-type=\"widget\" data-widget_type=\"divider.default\">\n\t\t\t\t<div class=\"elementor-widget-container\">\n\t\t\t\t\t\t\t<div class=\"elementor-divider\">\n\t\t\t<span class=\"elementor-divider-separator\">\n\t\t\t\t\t\t<\/span>\n\t\t<\/div>\n\t\t\t\t\t\t<\/div>\n\t\t\t\t<\/div>\n\t\t\t\t<div class=\"elementor-element elementor-element-c7e294a elementor-widget elementor-widget-heading\" data-id=\"c7e294a\" data-element_type=\"widget\" data-e-type=\"widget\" data-widget_type=\"heading.default\">\n\t\t\t\t<div class=\"elementor-widget-container\">\n\t\t\t\t\t<h4 class=\"elementor-heading-title elementor-size-default\">TAPAHTUMAT \/ AJANKOHTAISTA<\/h4>\t\t\t\t<\/div>\n\t\t\t\t<\/div>\n\t\t\t\t\t<\/div>\n\t\t\t\t<\/div>\n\t\t<div class=\"elementor-element elementor-element-352904f e-flex e-con-boxed e-con e-parent\" data-id=\"352904f\" data-element_type=\"container\" data-e-type=\"container\">\n\t\t\t\t\t<div class=\"e-con-inner\">\n\t\t\t\t<div class=\"elementor-element elementor-element-27d7eec elementor-widget elementor-widget-tp-blog-listout\" data-id=\"27d7eec\" data-element_type=\"widget\" data-e-type=\"widget\" data-widget_type=\"tp-blog-listout.default\">\n\t\t\t\t<div class=\"elementor-widget-container\">\n\t\t\t\t\t<div id=\"pt-plus-blog-post-list\" class=\"blog-list post6a006600ab153  list-isotope  blog-style-5 hover-image-style-1 \"  data-layout-type=\"fitRows\"   data-id=\"post6a006600ab153\" data-style=\"style-5\"  data-enable-isotope=\"1\"><div id=\"post6a006600ab153\" class=\"tp-row post-inner-loop post6a006600ab153 \"><div class=\"grid-item metro-item tp-col-lg-12 tp-col-md-12 tp-col-sm-12 tp-col-12 \"><article id=\"post-10134\" class=\"post-10134 post type-post status-publish format-standard hentry category-uncategorized\"><div class=\"tpae-compect-blog-wrap \"><div class=\"tp-blog-cetegory-style-5\"><\/div><div class=\"tpae-blog-image\"><div class=\"tpae-overlay-blog\"><\/div><a href=\"https:\/\/karjalantennis.fi\/wordpress\/tennislukkari-2-kesan-harjoitusajat-ajalle-12-28-8\/\"><div class=\"blog-featured-image\">\n<span class=\"thumb-wrap\">\n\t<img loading=\"lazy\" decoding=\"async\" width=\"600\" height=\"600\" loading=\"lazy\" data-src=\"https:\/\/karjalantennis.fi\/wordpress\/wp-content\/plugins\/the-plus-addons-for-elementor-page-builder\/assets\/images\/placeholder-grid.jpg\" src=\"https:\/\/karjalantennis.fi\/wordpress\/wp-content\/plugins\/the-plus-addons-for-elementor-page-builder\/assets\/images\/placeholder-grid.jpg\" class=\"tp-lazyload\" alt=\"Tennislukkari 2  kes\u00e4n harjoitusajat ajalle 12.-28.8.\"><\/span>\n<\/div><\/a><div class=\"tpae-blog-meta-overflow\"><\/div><\/div><div class=\"tpae-blog-content  \"><div class=\"tpae-blog-meta\"><\/div><h4 class=\"post-title\">\n\t<a href=\"https:\/\/karjalantennis.fi\/wordpress\/tennislukkari-2-kesan-harjoitusajat-ajalle-12-28-8\/\">Tennislukkari 2  kes\u00e4n harjoitusajat ajalle 12.-28.8.<\/a>\n<\/h4>\n<\/div><\/div><\/article><\/div><div class=\"grid-item metro-item tp-col-lg-12 tp-col-md-12 tp-col-sm-12 tp-col-12 \"><article id=\"post-10131\" class=\"post-10131 post type-post status-publish format-standard hentry category-uncategorized\"><div class=\"tpae-compect-blog-wrap \"><div class=\"tp-blog-cetegory-style-5\"><\/div><div class=\"tpae-blog-image\"><div class=\"tpae-overlay-blog\"><\/div><a href=\"https:\/\/karjalantennis.fi\/wordpress\/junioreiden-kesan-infokirje-harjoitusajat-ajalle-1-6-2-7-27-7-11-8\/\"><div class=\"blog-featured-image\">\n<span class=\"thumb-wrap\">\n\t<img loading=\"lazy\" decoding=\"async\" width=\"600\" height=\"600\" loading=\"lazy\" data-src=\"https:\/\/karjalantennis.fi\/wordpress\/wp-content\/plugins\/the-plus-addons-for-elementor-page-builder\/assets\/images\/placeholder-grid.jpg\" src=\"https:\/\/karjalantennis.fi\/wordpress\/wp-content\/plugins\/the-plus-addons-for-elementor-page-builder\/assets\/images\/placeholder-grid.jpg\" class=\"tp-lazyload\" alt=\"Junioreiden kes\u00e4n infokirje + harjoitusajat ajalle 1.6.-2.7. &amp; 27.7.-11.8.\"><\/span>\n<\/div><\/a><div class=\"tpae-blog-meta-overflow\"><\/div><\/div><div class=\"tpae-blog-content  \"><div class=\"tpae-blog-meta\"><\/div><h4 class=\"post-title\">\n\t<a href=\"https:\/\/karjalantennis.fi\/wordpress\/junioreiden-kesan-infokirje-harjoitusajat-ajalle-1-6-2-7-27-7-11-8\/\">Junioreiden kes\u00e4n infokirje + harjoitusajat ajalle 1.6.-2.7. &amp; 27.7.-11.8.<\/a>\n<\/h4>\n<\/div><\/div><\/article><\/div><div class=\"grid-item metro-item tp-col-lg-12 tp-col-md-12 tp-col-sm-12 tp-col-12 \"><article id=\"post-10128\" class=\"post-10128 post type-post status-publish format-standard hentry category-uncategorized\"><div class=\"tpae-compect-blog-wrap \"><div class=\"tp-blog-cetegory-style-5\"><\/div><div class=\"tpae-blog-image\"><div class=\"tpae-overlay-blog\"><\/div><a href=\"https:\/\/karjalantennis.fi\/wordpress\/massakauden-avajaiset-aikuisten-pelitapahtumalla-23-5-klo-15-18\/\"><div class=\"blog-featured-image\">\n<span class=\"thumb-wrap\">\n\t<img loading=\"lazy\" decoding=\"async\" width=\"600\" height=\"600\" loading=\"lazy\" data-src=\"https:\/\/karjalantennis.fi\/wordpress\/wp-content\/plugins\/the-plus-addons-for-elementor-page-builder\/assets\/images\/placeholder-grid.jpg\" src=\"https:\/\/karjalantennis.fi\/wordpress\/wp-content\/plugins\/the-plus-addons-for-elementor-page-builder\/assets\/images\/placeholder-grid.jpg\" class=\"tp-lazyload\" alt=\"Massakauden avajaiset aikuisten pelitapahtumalla 23.5. klo 15-18\"><\/span>\n<\/div><\/a><div class=\"tpae-blog-meta-overflow\"><\/div><\/div><div class=\"tpae-blog-content  \"><div class=\"tpae-blog-meta\"><\/div><h4 class=\"post-title\">\n\t<a href=\"https:\/\/karjalantennis.fi\/wordpress\/massakauden-avajaiset-aikuisten-pelitapahtumalla-23-5-klo-15-18\/\">Massakauden avajaiset aikuisten pelitapahtumalla 23.5. klo 15-18<\/a>\n<\/h4>\n<\/div><\/div><\/article><\/div><div class=\"grid-item metro-item tp-col-lg-12 tp-col-md-12 tp-col-sm-12 tp-col-12 \"><article id=\"post-10119\" class=\"post-10119 post type-post status-publish format-standard hentry category-uncategorized\"><div class=\"tpae-compect-blog-wrap \"><div class=\"tp-blog-cetegory-style-5\"><\/div><div class=\"tpae-blog-image\"><div class=\"tpae-overlay-blog\"><\/div><a href=\"https:\/\/karjalantennis.fi\/wordpress\/26-4-2026-karte-sm-%f0%9f%a5%8960-sarjassa\/\"><div class=\"blog-featured-image\">\n<span class=\"thumb-wrap\">\n\t<img loading=\"lazy\" decoding=\"async\" width=\"600\" height=\"600\" loading=\"lazy\" data-src=\"https:\/\/karjalantennis.fi\/wordpress\/wp-content\/plugins\/the-plus-addons-for-elementor-page-builder\/assets\/images\/placeholder-grid.jpg\" src=\"https:\/\/karjalantennis.fi\/wordpress\/wp-content\/plugins\/the-plus-addons-for-elementor-page-builder\/assets\/images\/placeholder-grid.jpg\" class=\"tp-lazyload\" alt=\"26.4.2026 KarTe SM \ud83e\udd4960+ sarjassa\"><\/span>\n<\/div><\/a><div class=\"tpae-blog-meta-overflow\"><\/div><\/div><div class=\"tpae-blog-content  \"><div class=\"tpae-blog-meta\"><\/div><h4 class=\"post-title\">\n\t<a href=\"https:\/\/karjalantennis.fi\/wordpress\/26-4-2026-karte-sm-%f0%9f%a5%8960-sarjassa\/\">26.4.2026 KarTe SM \ud83e\udd4960+ sarjassa<\/a>\n<\/h4>\n<\/div><\/div><\/article><\/div><div class=\"grid-item metro-item tp-col-lg-12 tp-col-md-12 tp-col-sm-12 tp-col-12 \"><article id=\"post-10123\" class=\"post-10123 post type-post status-publish format-standard hentry category-uncategorized\"><div class=\"tpae-compect-blog-wrap \"><div class=\"tp-blog-cetegory-style-5\"><\/div><div class=\"tpae-blog-image\"><div class=\"tpae-overlay-blog\"><\/div><a href=\"https:\/\/karjalantennis.fi\/wordpress\/25-4-vihrean-pallon-kisapaiva-pelaajia-myos-kuopiosta-ja-savonlinnasta\/\"><div class=\"blog-featured-image\">\n<span class=\"thumb-wrap\">\n\t<img loading=\"lazy\" decoding=\"async\" width=\"600\" height=\"600\" loading=\"lazy\" data-src=\"https:\/\/karjalantennis.fi\/wordpress\/wp-content\/plugins\/the-plus-addons-for-elementor-page-builder\/assets\/images\/placeholder-grid.jpg\" src=\"https:\/\/karjalantennis.fi\/wordpress\/wp-content\/plugins\/the-plus-addons-for-elementor-page-builder\/assets\/images\/placeholder-grid.jpg\" class=\"tp-lazyload\" alt=\"25.4. Vihre\u00e4n pallon kisap\u00e4iv\u00e4. Pelaajia my\u00f6s Kuopiosta ja Savonlinnasta\"><\/span>\n<\/div><\/a><div class=\"tpae-blog-meta-overflow\"><\/div><\/div><div class=\"tpae-blog-content  \"><div class=\"tpae-blog-meta\"><\/div><h4 class=\"post-title\">\n\t<a href=\"https:\/\/karjalantennis.fi\/wordpress\/25-4-vihrean-pallon-kisapaiva-pelaajia-myos-kuopiosta-ja-savonlinnasta\/\">25.4. Vihre\u00e4n pallon kisap\u00e4iv\u00e4. Pelaajia my\u00f6s Kuopiosta ja Savonlinnasta<\/a>\n<\/h4>\n<\/div><\/div><\/article><\/div><\/div><div class=\"ajax_load_more\"><a class=\"post-load-more\" data-layout=\"grid\" data-offset-posts=\"\" data-load-class=\"post6a006600ab153\" data-display_post=\"5\" data-post_load_more=\"5\" data-loaded_posts=\"All done!\" data-tp_loading_text=\"Lataa...\" data-page=\"1\" data-total_page=\"111\" data-loadattr= 'iqIbbzc0oEjSNS1w_4p_bLQU5LyMqgXXWkLOXo8IY8_LlpIPgUbEnyK3lAud5npK1QApx8Cx9E_Ir0k9Hxt0RKNETAFPVo_xnTxw3yu-qfFBFd_sUHvb94H2kTnhjZg2ZM6R_vRwHKpLjO2_EJh8T1lKU3p6VSjz6mQhbLRRZxy_yex7PiZ5OIYFg_hL4psaJpjmUGQQ-WvF9Ct5dokroBgo7qzHyAu-HC871yyzZwbRB9Aq0gUknNjTdfGmBecITnBsnI1NXQQntRgWko5rTUXVweO9OMimSIHLcRFwzFUSeTjVrHzI7msKA-PEJ0L02qvbTYt3LvxM-etF1Gf-Fk0YhpABRVEzPmi2jPv6Fl-UUNTRvM3Xh5o9P8JaUdEt1LGLRiTE3MeABhpugDSr0YBCzrXypRLpahrOkxpDrYUrDb4fyoi0jpgWr9-o_8pjQvsdg_ruU1oMKWLhUl0sOV8f5ge4zGe-tZN0cozA-MwPYbnZYHuhkqHSEbQvaVR0o4X-iwvghN8VtCWMHXcZCfmAxOW0MltZkXkaI3mo90UtMf5mO_qiiAaPuyf6AXLnlQij1cTas4JJg_WHQ-xDlhVfBmZVtacAUcl-sBu45RIJFVz9_iyRF9BFgKdDT_lKoW161JW8wgyWk_ZKZphyLES0dDSqLXU6klAYCepgLpU60jdVdesQ0WH-Cg'>EDELLISET<\/a><\/div><\/div>\t\t\t\t<\/div>\n\t\t\t\t<\/div>\n\t\t\t\t\t<\/div>\n\t\t\t\t<\/div>\n\t\t<div class=\"elementor-element elementor-element-baf3d46 e-flex e-con-boxed e-con e-parent\" data-id=\"baf3d46\" data-element_type=\"container\" data-e-type=\"container\">\n\t\t\t\t\t<div class=\"e-con-inner\">\n\t\t\t\t<div class=\"elementor-element elementor-element-af5df69 elementor-widget-divider--view-line elementor-widget elementor-widget-divider\" data-id=\"af5df69\" data-element_type=\"widget\" data-e-type=\"widget\" data-widget_type=\"divider.default\">\n\t\t\t\t<div class=\"elementor-widget-container\">\n\t\t\t\t\t\t\t<div class=\"elementor-divider\">\n\t\t\t<span class=\"elementor-divider-separator\">\n\t\t\t\t\t\t<\/span>\n\t\t<\/div>\n\t\t\t\t\t\t<\/div>\n\t\t\t\t<\/div>\n\t\t\t\t\t<\/div>\n\t\t\t\t<\/div>\n\t\t<div class=\"elementor-element elementor-element-a3892c2 e-flex e-con-boxed e-con e-parent\" data-id=\"a3892c2\" data-element_type=\"container\" data-e-type=\"container\">\n\t\t\t\t\t<div class=\"e-con-inner\">\n\t\t\t\t<div class=\"elementor-element elementor-element-a20a709 elementor-widget elementor-widget-spacer\" data-id=\"a20a709\" data-element_type=\"widget\" data-e-type=\"widget\" data-widget_type=\"spacer.default\">\n\t\t\t\t<div class=\"elementor-widget-container\">\n\t\t\t\t\t\t\t<div class=\"elementor-spacer\">\n\t\t\t<div class=\"elementor-spacer-inner\"><\/div>\n\t\t<\/div>\n\t\t\t\t\t\t<\/div>\n\t\t\t\t<\/div>\n\t\t\t\t\t<\/div>\n\t\t\t\t<\/div>\n\t\t<div class=\"elementor-element elementor-element-152362d e-flex e-con-boxed e-con e-parent\" data-id=\"152362d\" data-element_type=\"container\" data-e-type=\"container\">\n\t\t\t\t\t<div class=\"e-con-inner\">\n\t\t\t\t<div class=\"elementor-element elementor-element-a442f47 elementor-widget elementor-widget-heading\" data-id=\"a442f47\" data-element_type=\"widget\" data-e-type=\"widget\" data-widget_type=\"heading.default\">\n\t\t\t\t<div class=\"elementor-widget-container\">\n\t\t\t\t\t<h4 class=\"elementor-heading-title elementor-size-default\"><a href=\"https:\/\/karjalantennis.fi\/wordpress\/strategian-uudistaminen\/\">KarTe:n strategia<\/a><\/h4>\t\t\t\t<\/div>\n\t\t\t\t<\/div>\n\t\t\t\t\t<\/div>\n\t\t\t\t<\/div>\n\t\t<div class=\"elementor-element elementor-element-36ddc24 e-grid e-con-boxed e-con e-parent\" data-id=\"36ddc24\" data-element_type=\"container\" data-e-type=\"container\">\n\t\t\t\t\t<div class=\"e-con-inner\">\n\t\t\t\t<div class=\"elementor-element elementor-element-aa5e05b elementor-widget elementor-widget-image\" data-id=\"aa5e05b\" data-element_type=\"widget\" data-e-type=\"widget\" data-widget_type=\"image.default\">\n\t\t\t\t<div class=\"elementor-widget-container\">\n\t\t\t\t\t\t\t\t\t\t\t\t\t\t\t\t<a href=\"https:\/\/karjalantennis.fi\/wordpress\/strategian-uudistaminen\/\">\n\t\t\t\t\t\t\t<img decoding=\"async\" width=\"689\" height=\"1024\" src=\"https:\/\/karjalantennis.fi\/wordpress\/wp-content\/uploads\/2025\/12\/KarTeKilpaseuraB-689x1024.png\" class=\"attachment-large size-large wp-image-8682\" alt=\"\" srcset=\"https:\/\/karjalantennis.fi\/wordpress\/wp-content\/uploads\/2025\/12\/KarTeKilpaseuraB-689x1024.png 689w, https:\/\/karjalantennis.fi\/wordpress\/wp-content\/uploads\/2025\/12\/KarTeKilpaseuraB-202x300.png 202w, https:\/\/karjalantennis.fi\/wordpress\/wp-content\/uploads\/2025\/12\/KarTeKilpaseuraB.png 769w\" sizes=\"(max-width: 689px) 100vw, 689px\" \/>\t\t\t\t\t\t\t\t<\/a>\n\t\t\t\t\t\t\t\t\t\t\t\t\t\t\t<\/div>\n\t\t\t\t<\/div>\n\t\t\t\t<div class=\"elementor-element elementor-element-85ff602 elementor-widget elementor-widget-image\" data-id=\"85ff602\" data-element_type=\"widget\" data-e-type=\"widget\" data-widget_type=\"image.default\">\n\t\t\t\t<div class=\"elementor-widget-container\">\n\t\t\t\t\t\t\t\t\t\t\t\t\t\t\t\t<a href=\"https:\/\/karjalantennis.fi\/wordpress\/strategian-uudistaminen\/\">\n\t\t\t\t\t\t\t<img loading=\"lazy\" decoding=\"async\" width=\"684\" height=\"1024\" src=\"https:\/\/karjalantennis.fi\/wordpress\/wp-content\/uploads\/2025\/12\/tAhtiseura_lajiliitot_lapset_ja_nuoretaikuiset_tennis_rgb_300dpiSININENISOMPItekstiPohjaValkoinenSINETTI-684x1024.png\" class=\"attachment-large size-large wp-image-8727\" alt=\"\" srcset=\"https:\/\/karjalantennis.fi\/wordpress\/wp-content\/uploads\/2025\/12\/tAhtiseura_lajiliitot_lapset_ja_nuoretaikuiset_tennis_rgb_300dpiSININENISOMPItekstiPohjaValkoinenSINETTI-684x1024.png 684w, https:\/\/karjalantennis.fi\/wordpress\/wp-content\/uploads\/2025\/12\/tAhtiseura_lajiliitot_lapset_ja_nuoretaikuiset_tennis_rgb_300dpiSININENISOMPItekstiPohjaValkoinenSINETTI-200x300.png 200w, https:\/\/karjalantennis.fi\/wordpress\/wp-content\/uploads\/2025\/12\/elementor\/thumbs\/tAhtiseura_lajiliitot_lapset_ja_nuoretaikuiset_tennis_rgb_300dpiSININENISOMPItekstiPohjaValkoinenSINETTI-rgckrg0wynz14b8wcpp2l2red2jwbtzs9lrnl95fdc.png 240w, https:\/\/karjalantennis.fi\/wordpress\/wp-content\/uploads\/2025\/12\/tAhtiseura_lajiliitot_lapset_ja_nuoretaikuiset_tennis_rgb_300dpiSININENISOMPItekstiPohjaValkoinenSINETTI.png 763w\" sizes=\"(max-width: 684px) 100vw, 684px\" \/>\t\t\t\t\t\t\t\t<\/a>\n\t\t\t\t\t\t\t\t\t\t\t\t\t\t\t<\/div>\n\t\t\t\t<\/div>\n\t\t\t\t\t<\/div>\n\t\t\t\t<\/div>\n\t\t\t\t<\/div>\n\t\t","protected":false},"excerpt":{"rendered":"<p>VARAA KENT\u00c4T T\u00c4ST\u00c4 TAPAHTUMAT \/ AJANKOHTAISTA Tulossa 21.2 klo 12.30 ja 1.3 SM M60+ ja seurakisa 11.4. 13.-15.2.2026 JOENSUUN KESKUSAPTEEKKI OPEN: MA, NB, MC, MD, NC 4p, U15; MA voittaja Niilo Purmonen&#8230; 7-8.2. Miesten 1 &amp; 2 ja Naisten sarjaotteluita 25.1.2026 M60 SM-sarja KarTe &#8211; Kalev 24.1.2026 Vihre\u00e4n pallon kisap\u00e4iv\u00e4 EDELLISET KarTe:n strategia<\/p>\n","protected":false},"author":101014,"featured_media":0,"parent":0,"menu_order":0,"comment_status":"closed","ping_status":"closed","template":"","meta":{"_kad_post_transparent":"","_kad_post_title":"","_kad_post_layout":"","_kad_post_sidebar_id":"","_kad_post_content_style":"","_kad_post_vertical_padding":"","_kad_post_feature":"","_kad_post_feature_position":"","_kad_post_header":false,"_kad_post_footer":false,"_kad_post_classname":"","footnotes":""},"class_list":["post-7536","page","type-page","status-publish","hentry"],"_links":{"self":[{"href":"https:\/\/karjalantennis.fi\/wordpress\/wp-json\/wp\/v2\/pages\/7536","targetHints":{"allow":["GET"]}}],"collection":[{"href":"https:\/\/karjalantennis.fi\/wordpress\/wp-json\/wp\/v2\/pages"}],"about":[{"href":"https:\/\/karjalantennis.fi\/wordpress\/wp-json\/wp\/v2\/types\/page"}],"author":[{"embeddable":true,"href":"https:\/\/karjalantennis.fi\/wordpress\/wp-json\/wp\/v2\/users\/101014"}],"replies":[{"embeddable":true,"href":"https:\/\/karjalantennis.fi\/wordpress\/wp-json\/wp\/v2\/comments?post=7536"}],"version-history":[{"count":588,"href":"https:\/\/karjalantennis.fi\/wordpress\/wp-json\/wp\/v2\/pages\/7536\/revisions"}],"predecessor-version":[{"id":10011,"href":"https:\/\/karjalantennis.fi\/wordpress\/wp-json\/wp\/v2\/pages\/7536\/revisions\/10011"}],"wp:attachment":[{"href":"https:\/\/karjalantennis.fi\/wordpress\/wp-json\/wp\/v2\/media?parent=7536"}],"curies":[{"name":"wp","href":"https:\/\/api.w.org\/{rel}","templated":true}]}}