{"id":7602,"date":"2025-11-15T17:35:39","date_gmt":"2025-11-15T15:35:39","guid":{"rendered":"https:\/\/karjalantennis.fi\/wordpress\/?page_id=7602"},"modified":"2026-02-11T06:36:04","modified_gmt":"2026-02-11T04:36:04","slug":"tapahtumat-2","status":"publish","type":"page","link":"https:\/\/karjalantennis.fi\/wordpress\/tapahtumat-2\/","title":{"rendered":"TAPAHTUMAT"},"content":{"rendered":"\t\t<div data-elementor-type=\"wp-page\" data-elementor-id=\"7602\" class=\"elementor elementor-7602\">\n\t\t\t\t<div class=\"elementor-element elementor-element-dd58c84 e-flex e-con-boxed e-con e-parent\" data-id=\"dd58c84\" data-element_type=\"container\" data-e-type=\"container\">\n\t\t\t\t\t<div class=\"e-con-inner\">\n\t\t\t\t<div class=\"elementor-element elementor-element-4128aba elementor-widget elementor-widget-heading\" data-id=\"4128aba\" data-element_type=\"widget\" data-e-type=\"widget\" data-widget_type=\"heading.default\">\n\t\t\t\t<div class=\"elementor-widget-container\">\n\t\t\t\t\t<h2 class=\"elementor-heading-title elementor-size-default\">TAPAHTUMAT \/ AJANKOHTAISTA<\/h2>\t\t\t\t<\/div>\n\t\t\t\t<\/div>\n\t\t\t\t\t<\/div>\n\t\t\t\t<\/div>\n\t\t<div class=\"elementor-element elementor-element-f6d2ddc e-grid e-con-boxed e-con e-parent\" data-id=\"f6d2ddc\" data-element_type=\"container\" data-e-type=\"container\">\n\t\t\t\t\t<div class=\"e-con-inner\">\n\t\t\t\t<div class=\"elementor-element elementor-element-11026e6 elementor-widget elementor-widget-tp-blog-listout\" data-id=\"11026e6\" data-element_type=\"widget\" data-e-type=\"widget\" data-widget_type=\"tp-blog-listout.default\">\n\t\t\t\t<div class=\"elementor-widget-container\">\n\t\t\t\t\t<div id=\"pt-plus-blog-post-list\" class=\"blog-list post69f3e3f51f13a  list-isotope  blog-style-5 hover-image-style-1 \"  data-layout-type=\"fitRows\"   data-id=\"post69f3e3f51f13a\" data-style=\"style-5\"  data-enable-isotope=\"1\"><div id=\"post69f3e3f51f13a\" class=\"tp-row post-inner-loop post69f3e3f51f13a \"><div class=\"grid-item metro-item tp-col-lg-12 tp-col-md-12 tp-col-sm-12 tp-col-12 \"><article id=\"post-10119\" class=\"post-10119 post type-post status-publish format-standard hentry category-uncategorized\"><div class=\"tpae-compect-blog-wrap \"><div class=\"tp-blog-cetegory-style-5\"><\/div><div class=\"tpae-blog-image\"><div class=\"tpae-overlay-blog\"><\/div><a href=\"https:\/\/karjalantennis.fi\/wordpress\/26-4-2026-karte-sm-%f0%9f%a5%8960-sarjassa\/\"><div class=\"blog-featured-image\">\n<span class=\"thumb-wrap\">\n\t<img loading=\"lazy\" decoding=\"async\" width=\"600\" height=\"600\" loading=\"lazy\" data-src=\"https:\/\/karjalantennis.fi\/wordpress\/wp-content\/plugins\/the-plus-addons-for-elementor-page-builder\/assets\/images\/placeholder-grid.jpg\" src=\"https:\/\/karjalantennis.fi\/wordpress\/wp-content\/plugins\/the-plus-addons-for-elementor-page-builder\/assets\/images\/placeholder-grid.jpg\" class=\"tp-lazyload\" alt=\"26.4.2026 KarTe SM \ud83e\udd4960+ sarjassa\"><\/span>\n<\/div><\/a><div class=\"tpae-blog-meta-overflow\"><\/div><\/div><div class=\"tpae-blog-content  \"><div class=\"tpae-blog-meta\"><\/div><h4 class=\"post-title\">\n\t<a href=\"https:\/\/karjalantennis.fi\/wordpress\/26-4-2026-karte-sm-%f0%9f%a5%8960-sarjassa\/\">26.4.2026 KarTe SM \ud83e\udd4960+ sarjassa<\/a>\n<\/h4>\n<\/div><\/div><\/article><\/div><div class=\"grid-item metro-item tp-col-lg-12 tp-col-md-12 tp-col-sm-12 tp-col-12 \"><article id=\"post-10123\" class=\"post-10123 post type-post status-publish format-standard hentry category-uncategorized\"><div class=\"tpae-compect-blog-wrap \"><div class=\"tp-blog-cetegory-style-5\"><\/div><div class=\"tpae-blog-image\"><div class=\"tpae-overlay-blog\"><\/div><a href=\"https:\/\/karjalantennis.fi\/wordpress\/25-4-vihrean-pallon-kisapaiva-pelaajia-myos-kuopiosta-ja-savonlinnasta\/\"><div class=\"blog-featured-image\">\n<span class=\"thumb-wrap\">\n\t<img loading=\"lazy\" decoding=\"async\" width=\"600\" height=\"600\" loading=\"lazy\" data-src=\"https:\/\/karjalantennis.fi\/wordpress\/wp-content\/plugins\/the-plus-addons-for-elementor-page-builder\/assets\/images\/placeholder-grid.jpg\" src=\"https:\/\/karjalantennis.fi\/wordpress\/wp-content\/plugins\/the-plus-addons-for-elementor-page-builder\/assets\/images\/placeholder-grid.jpg\" class=\"tp-lazyload\" alt=\"25.4. Vihre\u00e4n pallon kisap\u00e4iv\u00e4. Pelaajia my\u00f6s Kuopiosta ja Savonlinnasta\"><\/span>\n<\/div><\/a><div class=\"tpae-blog-meta-overflow\"><\/div><\/div><div class=\"tpae-blog-content  \"><div class=\"tpae-blog-meta\"><\/div><h4 class=\"post-title\">\n\t<a href=\"https:\/\/karjalantennis.fi\/wordpress\/25-4-vihrean-pallon-kisapaiva-pelaajia-myos-kuopiosta-ja-savonlinnasta\/\">25.4. Vihre\u00e4n pallon kisap\u00e4iv\u00e4. Pelaajia my\u00f6s Kuopiosta ja Savonlinnasta<\/a>\n<\/h4>\n<\/div><\/div><\/article><\/div><div class=\"grid-item metro-item tp-col-lg-12 tp-col-md-12 tp-col-sm-12 tp-col-12 \"><article id=\"post-10107\" class=\"post-10107 post type-post status-publish format-standard hentry category-uncategorized\"><div class=\"tpae-compect-blog-wrap \"><div class=\"tp-blog-cetegory-style-5\"><\/div><div class=\"tpae-blog-image\"><div class=\"tpae-overlay-blog\"><\/div><a href=\"https:\/\/karjalantennis.fi\/wordpress\/tulossa-17-19-4-junior-gp-14v-turnaus-mehtimaen-hallissa\/\"><div class=\"blog-featured-image\">\n<span class=\"thumb-wrap\">\n\t<img loading=\"lazy\" decoding=\"async\" width=\"600\" height=\"600\" loading=\"lazy\" data-src=\"https:\/\/karjalantennis.fi\/wordpress\/wp-content\/plugins\/the-plus-addons-for-elementor-page-builder\/assets\/images\/placeholder-grid.jpg\" src=\"https:\/\/karjalantennis.fi\/wordpress\/wp-content\/plugins\/the-plus-addons-for-elementor-page-builder\/assets\/images\/placeholder-grid.jpg\" class=\"tp-lazyload\" alt=\"17-19.4. Junior GP 14v turnaus Mehtim\u00e4en hallissa\"><\/span>\n<\/div><\/a><div class=\"tpae-blog-meta-overflow\"><\/div><\/div><div class=\"tpae-blog-content  \"><div class=\"tpae-blog-meta\"><\/div><h4 class=\"post-title\">\n\t<a href=\"https:\/\/karjalantennis.fi\/wordpress\/tulossa-17-19-4-junior-gp-14v-turnaus-mehtimaen-hallissa\/\">17-19.4. Junior GP 14v turnaus Mehtim\u00e4en hallissa<\/a>\n<\/h4>\n<\/div><\/div><\/article><\/div><div class=\"grid-item metro-item tp-col-lg-12 tp-col-md-12 tp-col-sm-12 tp-col-12 \"><article id=\"post-10051\" class=\"post-10051 post type-post status-publish format-standard hentry category-uncategorized\"><div class=\"tpae-compect-blog-wrap \"><div class=\"tp-blog-cetegory-style-5\"><\/div><div class=\"tpae-blog-image\"><div class=\"tpae-overlay-blog\"><\/div><a href=\"https:\/\/karjalantennis.fi\/wordpress\/tulossa-seurakisa-11-4-2026\/\"><div class=\"blog-featured-image\">\n<span class=\"thumb-wrap\">\n\t<img loading=\"lazy\" decoding=\"async\" width=\"600\" height=\"600\" loading=\"lazy\" data-src=\"https:\/\/karjalantennis.fi\/wordpress\/wp-content\/plugins\/the-plus-addons-for-elementor-page-builder\/assets\/images\/placeholder-grid.jpg\" src=\"https:\/\/karjalantennis.fi\/wordpress\/wp-content\/plugins\/the-plus-addons-for-elementor-page-builder\/assets\/images\/placeholder-grid.jpg\" class=\"tp-lazyload\" alt=\"11.4.2026 seurakisa NC3, MC &amp; MD. Kaikki olivat voittajia&#8230;\"><\/span>\n<\/div><\/a><div class=\"tpae-blog-meta-overflow\"><\/div><\/div><div class=\"tpae-blog-content  \"><div class=\"tpae-blog-meta\"><\/div><h4 class=\"post-title\">\n\t<a href=\"https:\/\/karjalantennis.fi\/wordpress\/tulossa-seurakisa-11-4-2026\/\">11.4.2026 seurakisa NC3, MC &amp; MD. Kaikki olivat voittajia&#8230;<\/a>\n<\/h4>\n<\/div><\/div><\/article><\/div><div class=\"grid-item metro-item tp-col-lg-12 tp-col-md-12 tp-col-sm-12 tp-col-12 \"><article id=\"post-10079\" class=\"post-10079 post type-post status-publish format-standard hentry category-uncategorized\"><div class=\"tpae-compect-blog-wrap \"><div class=\"tp-blog-cetegory-style-5\"><\/div><div class=\"tpae-blog-image\"><div class=\"tpae-overlay-blog\"><\/div><a href=\"https:\/\/karjalantennis.fi\/wordpress\/emil-ja-tumppi-sm-mitaleille\/\"><div class=\"blog-featured-image\">\n<span class=\"thumb-wrap\">\n\t<img loading=\"lazy\" decoding=\"async\" width=\"600\" height=\"600\" loading=\"lazy\" data-src=\"https:\/\/karjalantennis.fi\/wordpress\/wp-content\/plugins\/the-plus-addons-for-elementor-page-builder\/assets\/images\/placeholder-grid.jpg\" src=\"https:\/\/karjalantennis.fi\/wordpress\/wp-content\/plugins\/the-plus-addons-for-elementor-page-builder\/assets\/images\/placeholder-grid.jpg\" class=\"tp-lazyload\" alt=\"5.4. Emil ja &#8221;Tumppi&#8221; SM-mitaleille \ud83e\udd49\ud83e\udd49p\u00e4\u00e4si\u00e4isen\u00e4\"><\/span>\n<\/div><\/a><div class=\"tpae-blog-meta-overflow\"><\/div><\/div><div class=\"tpae-blog-content  \"><div class=\"tpae-blog-meta\"><\/div><h4 class=\"post-title\">\n\t<a href=\"https:\/\/karjalantennis.fi\/wordpress\/emil-ja-tumppi-sm-mitaleille\/\">5.4. Emil ja &#8221;Tumppi&#8221; SM-mitaleille \ud83e\udd49\ud83e\udd49p\u00e4\u00e4si\u00e4isen\u00e4<\/a>\n<\/h4>\n<\/div><\/div><\/article><\/div><div class=\"grid-item metro-item tp-col-lg-12 tp-col-md-12 tp-col-sm-12 tp-col-12 \"><article id=\"post-10072\" class=\"post-10072 post type-post status-publish format-standard hentry category-uncategorized\"><div class=\"tpae-compect-blog-wrap \"><div class=\"tp-blog-cetegory-style-5\"><\/div><div class=\"tpae-blog-image\"><div class=\"tpae-overlay-blog\"><\/div><a href=\"https:\/\/karjalantennis.fi\/wordpress\/minitennis-oranssi-ja-vihrean-pallon-kisapaiva\/\"><div class=\"blog-featured-image\">\n<span class=\"thumb-wrap\">\n\t<img loading=\"lazy\" decoding=\"async\" width=\"600\" height=\"600\" loading=\"lazy\" data-src=\"https:\/\/karjalantennis.fi\/wordpress\/wp-content\/plugins\/the-plus-addons-for-elementor-page-builder\/assets\/images\/placeholder-grid.jpg\" src=\"https:\/\/karjalantennis.fi\/wordpress\/wp-content\/plugins\/the-plus-addons-for-elementor-page-builder\/assets\/images\/placeholder-grid.jpg\" class=\"tp-lazyload\" alt=\"28.3. Minitennis, oranssi- ja vihre\u00e4n pallon kisap\u00e4iv\u00e4\"><\/span>\n<\/div><\/a><div class=\"tpae-blog-meta-overflow\"><\/div><\/div><div class=\"tpae-blog-content  \"><div class=\"tpae-blog-meta\"><\/div><h4 class=\"post-title\">\n\t<a href=\"https:\/\/karjalantennis.fi\/wordpress\/minitennis-oranssi-ja-vihrean-pallon-kisapaiva\/\">28.3. Minitennis, oranssi- ja vihre\u00e4n pallon kisap\u00e4iv\u00e4<\/a>\n<\/h4>\n<\/div><\/div><\/article><\/div><\/div><div class=\"ajax_load_more\"><a class=\"post-load-more\" data-layout=\"grid\" data-offset-posts=\"\" data-load-class=\"post69f3e3f51f13a\" data-display_post=\"6\" data-post_load_more=\"6\" data-loaded_posts=\"All done!\" data-tp_loading_text=\"Lataa...\" data-page=\"1\" data-total_page=\"92\" data-loadattr= 'RNFT15RofBjQKv65H6oh-Aitxo0qco1J-818H9Oxms8iy3eiWdi8mNQIHX0ntTrGs2MzRz-r4I8QFys5tDLrYTUdgZ8QBsKnEn5z5jSNLNFdYGrH1B77Y8sNpzzsSbbYMnU-qGA6HVruZtGbuqqjYeHnzZPJqnoCXXVXz8925tYz9NL7Y_8ZVaHHTPBHoXEiLa1GbB33p_H-Ti4Gym0qkXYoXbWLC6ckKFfJId17fIjdJhJ6v8XUvjNrThS4Q09COAblcklM9nogBebrIP1W8eZ9RfcMWBuOtETq-IGL_k1U76-OMTXXgm8otGjVCFI1ptkKJBrS_SPkAJxzC1zH1SC_l5jr6BaIXs5gVyJOvKp9V7Nx1A0iVJAQJcPzv61RWTveg3CW67ffJOPOmfm7FijO1wOv2ce9OWe32NOAK3KZ0ZaoZo4H1DtuglVSA-vi5yXCuMkkLHAlbjoUfBzqXWLOWKVu5SbhE53LsZaHgPUBAhBPYAwyKocWtJxNFV6mOBqYVwbQrZvmdgcPYF0jxzxp-YhP9qbEcoHzsNBAgKing_sxRKKcW4-bwXV6D7gI7h93Q7VSykIdKtmHB6kh2sJlbxm929UE3pjD1HjCX2RKBjCPtA6bS2MNiuGg-5fGJPwHCq7q5UQQUudDxC677H5gn-f6ubCyf2fA6gQ1RO5c2GCxGkJ_WAmL8Q'>EDELLISET<\/a><\/div><\/div>\t\t\t\t<\/div>\n\t\t\t\t<\/div>\n\t\t\t\t\t<\/div>\n\t\t\t\t<\/div>\n\t\t\t\t<\/div>\n\t\t","protected":false},"excerpt":{"rendered":"<p>TAPAHTUMAT \/ AJANKOHTAISTA Tulossa 13-15.2. kansallinen ja 11.4.2026 seurakisa 7-8.2. Miesten 1 &amp; 2 ja Naisten sarjaotteluita 25.1.2026 M60 SM-sarja KarTe &#8211; Kalev 24.1.2026 Vihre\u00e4n pallon kisap\u00e4iv\u00e4 13.12.2025 Pikkujoulupelej\u00e4 5-7.12.2025 Kansallinen turnaus: MA3, NB, MC, NC 4p ja U15. MA3 Raasio voittoon&#8230; EDELLISET<\/p>\n","protected":false},"author":101014,"featured_media":0,"parent":0,"menu_order":0,"comment_status":"closed","ping_status":"closed","template":"","meta":{"_kad_post_transparent":"","_kad_post_title":"","_kad_post_layout":"","_kad_post_sidebar_id":"","_kad_post_content_style":"","_kad_post_vertical_padding":"","_kad_post_feature":"","_kad_post_feature_position":"","_kad_post_header":false,"_kad_post_footer":false,"_kad_post_classname":"","footnotes":""},"class_list":["post-7602","page","type-page","status-publish","hentry"],"_links":{"self":[{"href":"https:\/\/karjalantennis.fi\/wordpress\/wp-json\/wp\/v2\/pages\/7602","targetHints":{"allow":["GET"]}}],"collection":[{"href":"https:\/\/karjalantennis.fi\/wordpress\/wp-json\/wp\/v2\/pages"}],"about":[{"href":"https:\/\/karjalantennis.fi\/wordpress\/wp-json\/wp\/v2\/types\/page"}],"author":[{"embeddable":true,"href":"https:\/\/karjalantennis.fi\/wordpress\/wp-json\/wp\/v2\/users\/101014"}],"replies":[{"embeddable":true,"href":"https:\/\/karjalantennis.fi\/wordpress\/wp-json\/wp\/v2\/comments?post=7602"}],"version-history":[{"count":65,"href":"https:\/\/karjalantennis.fi\/wordpress\/wp-json\/wp\/v2\/pages\/7602\/revisions"}],"predecessor-version":[{"id":9753,"href":"https:\/\/karjalantennis.fi\/wordpress\/wp-json\/wp\/v2\/pages\/7602\/revisions\/9753"}],"wp:attachment":[{"href":"https:\/\/karjalantennis.fi\/wordpress\/wp-json\/wp\/v2\/media?parent=7602"}],"curies":[{"name":"wp","href":"https:\/\/api.w.org\/{rel}","templated":true}]}}