{"id":84,"date":"2015-01-31T13:01:44","date_gmt":"2015-01-31T13:01:44","guid":{"rendered":"http:\/\/karjalantennis.fi\/wordpress\/?page_id=84"},"modified":"2025-12-17T08:25:46","modified_gmt":"2025-12-17T06:25:46","slug":"eettiset-saannot","status":"publish","type":"page","link":"https:\/\/karjalantennis.fi\/wordpress\/eettiset-saannot\/","title":{"rendered":"Eettiset s\u00e4\u00e4nn\u00f6t"},"content":{"rendered":"\t\t<div data-elementor-type=\"wp-page\" data-elementor-id=\"84\" class=\"elementor elementor-84\">\n\t\t\t\t<div class=\"elementor-element elementor-element-6356a3f e-flex e-con-boxed e-con e-parent\" data-id=\"6356a3f\" data-element_type=\"container\" data-e-type=\"container\">\n\t\t\t\t\t<div class=\"e-con-inner\">\n\t\t\t\t<div class=\"elementor-element elementor-element-856d438 elementor-widget elementor-widget-heading\" data-id=\"856d438\" data-element_type=\"widget\" data-e-type=\"widget\" data-widget_type=\"heading.default\">\n\t\t\t\t<div class=\"elementor-widget-container\">\n\t\t\t\t\t<h2 class=\"elementor-heading-title elementor-size-default\">Eettiset s\u00e4\u00e4nn\u00f6t<\/h2>\t\t\t\t<\/div>\n\t\t\t\t<\/div>\n\t\t\t\t\t<\/div>\n\t\t\t\t<\/div>\n\t\t<div class=\"elementor-element elementor-element-6a8e303c e-flex e-con-boxed e-con e-parent\" data-id=\"6a8e303c\" data-element_type=\"container\" data-e-type=\"container\">\n\t\t\t\t\t<div class=\"e-con-inner\">\n\t\t\t\t<div class=\"elementor-element elementor-element-2dda673 elementor-widget elementor-widget-text-editor\" data-id=\"2dda673\" data-element_type=\"widget\" data-e-type=\"widget\" data-widget_type=\"text-editor.default\">\n\t\t\t\t<div class=\"elementor-widget-container\">\n\t\t\t\t\t\t\t\t\t<p><\/p>\n<p class=\"has-medium-font-size\"><b>OTAMME KAIKKI MUKAAN<br><\/b><span style=\"font-size: 20px;\">Tennisseurana j\u00e4rjest\u00e4mme vapaaehtoista kansalaistoimintaa. Pid\u00e4mme seuratoiminnan ovet avoimena kaikille ik\u00e4\u00e4n, sukupuoleen, etniseen tai sosiaaliseen taustaan katsomatta.<\/span><\/p>\n<p><\/p>\n<p><\/p>\n<p class=\"has-medium-font-size\"><b>SEURASSAMME KAIKKI SAAVAT LIIKKUA JA PELATA TENNIST\u00c4<br><\/b><span style=\"font-size: 20px;\">J\u00e4rjest\u00e4mme toimintamme siten, ett\u00e4 kaikki saavat liikkua ja pelata tennist\u00e4. Ket\u00e4\u00e4n ei pidet\u00e4 vilttiketjussa\u201d.<\/span><\/p>\n<p><\/p>\n<p><\/p>\n<p class=\"has-medium-font-size\"><b>SEURATOIMINTAMME ON AVOINTA<br><\/b><span style=\"font-size: 20px;\">Halukkaat p\u00e4\u00e4sev\u00e4t tutustumaan seuratoimintoihimme. Kerromme mielell\u00e4mme millaisiin tavoitteisiin pyrimme.<\/span><\/p>\n<p><\/p>\n<p><\/p>\n<p class=\"has-medium-font-size\"><b>PID\u00c4MME LUPAUKSEMME<br><\/b><span style=\"font-size: 20px;\">Huolehdimme, ett\u00e4 lupaukset pidet\u00e4\u00e4n. Yhteisty\u00f6kumppaneidemme tulee voida olla vakuuttuneita siit\u00e4, ett\u00e4 kunnioitamme lupauksia ja sitoudumme sopimuksiin.<\/span><\/p>\n<p><\/p>\n<p><\/p>\n<p class=\"has-medium-font-size\"><b>NOUDATAMME S\u00c4\u00c4NT\u00d6J\u00c4<br><\/b><span style=\"font-size: 20px;\">S\u00e4\u00e4nt\u00f6j\u00e4 noudattamalla takaamme sen, ett\u00e4 toiminnoissa mukana olevien v\u00e4linen yhteistoiminta sujuu. Pelaajat, valmentajat, toimitsijat ja muut mukana olevat sitoutuvat osaltaan noudattamaan s\u00e4\u00e4nt\u00f6j\u00e4 tinkim\u00e4tt\u00f6m\u00e4sti.<\/span><\/p>\n<p><\/p>\n<p><\/p>\n<p class=\"has-medium-font-size\"><b>KUNNIOITAMME KANSSAIHMISI\u00c4<br><\/b><span style=\"font-size: 20px;\">Seuramme kaikissa toiminnoissa kunnioitamme kanssaihmisi\u00e4. Suvaitsemattomuus, toisten pilkkaaminen, nimittely ja muunlainen v\u00e4heksyminen sek\u00e4 fyysinen ja psyykkinen h\u00e4irint\u00e4 eiv\u00e4t kuulu seuramme toimintak\u00e4yt\u00e4nt\u00f6ihin.<\/span><\/p>\n<p><\/p>\n<p><\/p>\n<p class=\"has-medium-font-size\"><b>EDIST\u00c4MME TERVEYTT\u00c4<br><\/b><span style=\"font-size: 20px;\">Tennist\u00e4 pelaten ja liikkuen edist\u00e4mme terveytt\u00e4, lis\u00e4\u00e4mme ihmisten hyvinvointia ja tuotamme iloa. Valmentajat ja muut toimijat valistavat terveyteen vaikuttavista tekij\u00f6ist\u00e4. Kilpapelaajien on tunnistettava oma esikuvavaikutuksensa.<\/span><\/p>\n<p><\/p>\n<p><\/p>\n<p class=\"has-medium-font-size\"><b>ARVOSTAMME YMP\u00c4RIST\u00d6\u00c4<br><\/b><span style=\"font-size: 20px;\">Liikunnan ja urheilun toimijoina otamme teoissamme huomioon ymp\u00e4rist\u00f6kysymykset. Kest\u00e4v\u00e4n kehityksen hengess\u00e4 vaikutamme niin, ett\u00e4 my\u00f6s tulevat sukupolvet voivat nauttia puhtaasta luonnosta. Ymp\u00e4rist\u00f6arvoihin kasvattamisessa eiv\u00e4t tennisihmisetk\u00e4\u00e4n voi olla toimettomia.<\/span><\/p>\n<p><\/p>\t\t\t\t\t\t\t\t<\/div>\n\t\t\t\t<\/div>\n\t\t\t\t\t<\/div>\n\t\t\t\t<\/div>\n\t\t\t\t<\/div>\n\t\t","protected":false},"excerpt":{"rendered":"<p>Eettiset s\u00e4\u00e4nn\u00f6t OTAMME KAIKKI MUKAANTennisseurana j\u00e4rjest\u00e4mme vapaaehtoista kansalaistoimintaa. Pid\u00e4mme seuratoiminnan ovet avoimena kaikille ik\u00e4\u00e4n, sukupuoleen, etniseen tai sosiaaliseen taustaan katsomatta. SEURASSAMME KAIKKI SAAVAT LIIKKUA JA PELATA TENNIST\u00c4J\u00e4rjest\u00e4mme toimintamme siten, ett\u00e4 kaikki saavat liikkua ja pelata tennist\u00e4. Ket\u00e4\u00e4n ei pidet\u00e4 vilttiketjussa\u201d. SEURATOIMINTAMME ON AVOINTAHalukkaat p\u00e4\u00e4sev\u00e4t tutustumaan seuratoimintoihimme. Kerromme mielell\u00e4mme millaisiin tavoitteisiin pyrimme. PID\u00c4MME LUPAUKSEMMEHuolehdimme, ett\u00e4 lupaukset&#8230;<\/p>\n","protected":false},"author":2,"featured_media":0,"parent":0,"menu_order":0,"comment_status":"closed","ping_status":"closed","template":"","meta":{"_kad_post_transparent":"","_kad_post_title":"","_kad_post_layout":"","_kad_post_sidebar_id":"","_kad_post_content_style":"","_kad_post_vertical_padding":"","_kad_post_feature":"","_kad_post_feature_position":"","_kad_post_header":false,"_kad_post_footer":false,"_kad_post_classname":"","footnotes":""},"class_list":["post-84","page","type-page","status-publish","hentry"],"_links":{"self":[{"href":"https:\/\/karjalantennis.fi\/wordpress\/wp-json\/wp\/v2\/pages\/84","targetHints":{"allow":["GET"]}}],"collection":[{"href":"https:\/\/karjalantennis.fi\/wordpress\/wp-json\/wp\/v2\/pages"}],"about":[{"href":"https:\/\/karjalantennis.fi\/wordpress\/wp-json\/wp\/v2\/types\/page"}],"author":[{"embeddable":true,"href":"https:\/\/karjalantennis.fi\/wordpress\/wp-json\/wp\/v2\/users\/2"}],"replies":[{"embeddable":true,"href":"https:\/\/karjalantennis.fi\/wordpress\/wp-json\/wp\/v2\/comments?post=84"}],"version-history":[{"count":11,"href":"https:\/\/karjalantennis.fi\/wordpress\/wp-json\/wp\/v2\/pages\/84\/revisions"}],"predecessor-version":[{"id":8462,"href":"https:\/\/karjalantennis.fi\/wordpress\/wp-json\/wp\/v2\/pages\/84\/revisions\/8462"}],"wp:attachment":[{"href":"https:\/\/karjalantennis.fi\/wordpress\/wp-json\/wp\/v2\/media?parent=84"}],"curies":[{"name":"wp","href":"https:\/\/api.w.org\/{rel}","templated":true}]}}